{"id":50352,"date":"2025-12-31T21:02:23","date_gmt":"2025-12-31T19:02:23","guid":{"rendered":"https:\/\/www.animille.com\/produkt\/zwacze-wolowe-500g\/"},"modified":"2026-04-11T14:25:09","modified_gmt":"2026-04-11T13:25:09","slug":"zwacze-wolowe-500g","status":"publish","type":"product","link":"https:\/\/www.animille.com\/de\/produkt\/zwacze-wolowe-500g\/","title":{"rendered":"\u017bwacze Wo\u0142owe 500g"},"content":{"rendered":"<p>Knusprige und aromatische Kauartikel f\u00fcr Hunde. Dank ihres hohen Gehalts an Spurenelementen stellen sie die gute Bakterienflora des Verdauungssystems wieder her. Besonders geeignet f\u00fcr Hunde mit Verdauungsproblemen und Appetitlosigkeit. Hartes Produkt.<\/p>","protected":false},"excerpt":{"rendered":"<p>Knusprige und aromatische Kauartikel f\u00fcr Hunde. Dank ihres hohen Gehalts an Spurenelementen stellen sie die gute Bakterienflora des Verdauungssystems wieder her. Besonders geeignet f\u00fcr Hunde mit Verdauungsproblemen und Appetitlosigkeit. Hartes Produkt.<\/p>","protected":false},"featured_media":50345,"comment_status":"open","ping_status":"closed","template":"","meta":{"_acf_changed":false},"product_brand":[],"product_cat":[1241],"product_tag":[],"class_list":{"0":"post-50352","1":"product","2":"type-product","3":"status-publish","4":"has-post-thumbnail","6":"product_cat-wolowina","8":"first","9":"instock","10":"taxable","11":"shipping-taxable","12":"purchasable","13":"product-type-simple"},"acf":[],"_links":{"self":[{"href":"https:\/\/www.animille.com\/de\/wp-json\/wp\/v2\/product\/50352","targetHints":{"allow":["GET"]}}],"collection":[{"href":"https:\/\/www.animille.com\/de\/wp-json\/wp\/v2\/product"}],"about":[{"href":"https:\/\/www.animille.com\/de\/wp-json\/wp\/v2\/types\/product"}],"replies":[{"embeddable":true,"href":"https:\/\/www.animille.com\/de\/wp-json\/wp\/v2\/comments?post=50352"}],"wp:featuredmedia":[{"embeddable":true,"href":"https:\/\/www.animille.com\/de\/wp-json\/wp\/v2\/media\/50345"}],"wp:attachment":[{"href":"https:\/\/www.animille.com\/de\/wp-json\/wp\/v2\/media?parent=50352"}],"wp:term":[{"taxonomy":"product_brand","embeddable":true,"href":"https:\/\/www.animille.com\/de\/wp-json\/wp\/v2\/product_brand?post=50352"},{"taxonomy":"product_cat","embeddable":true,"href":"https:\/\/www.animille.com\/de\/wp-json\/wp\/v2\/product_cat?post=50352"},{"taxonomy":"product_tag","embeddable":true,"href":"https:\/\/www.animille.com\/de\/wp-json\/wp\/v2\/product_tag?post=50352"}],"curies":[{"name":"wp","href":"https:\/\/api.w.org\/{rel}","templated":true}]}}