{"id":50213,"date":"2025-12-31T21:00:37","date_gmt":"2025-12-31T19:00:37","guid":{"rendered":"https:\/\/www.animille.com\/produkt\/uszy-wolowe-3szt\/"},"modified":"2026-03-26T19:25:09","modified_gmt":"2026-03-26T18:25:09","slug":"uszy-wolowe-3szt","status":"publish","type":"product","link":"https:\/\/www.animille.com\/de\/produkt\/uszy-wolowe-3szt\/","title":{"rendered":"Uszy Wo\u0142owe 3szt"},"content":{"rendered":"<p>Ein Leckerli mit m\u00e4\u00dfigem Aroma. Dank seines geringen Fettgehalts kann es ein idealer Snack f\u00fcr \u00fcbergewichtige Hunde sein. Seine harte Textur hilft, Zahnstein zu entfernen und die Mundhygiene zu erhalten.<\/p>","protected":false},"excerpt":{"rendered":"<p>Ein Leckerli mit m\u00e4\u00dfigem Aroma. Dank seines geringen Fettgehalts kann es ein idealer Snack f\u00fcr \u00fcbergewichtige Hunde sein. Seine harte Textur hilft, Zahnstein zu entfernen und die Mundhygiene zu erhalten.<\/p>","protected":false},"featured_media":50206,"comment_status":"open","ping_status":"closed","template":"","meta":{"_acf_changed":false},"product_brand":[],"product_cat":[1241],"product_tag":[],"class_list":{"0":"post-50213","1":"product","2":"type-product","3":"status-publish","4":"has-post-thumbnail","6":"product_cat-wolowina","8":"first","9":"instock","10":"taxable","11":"shipping-taxable","12":"purchasable","13":"product-type-simple"},"acf":[],"_links":{"self":[{"href":"https:\/\/www.animille.com\/de\/wp-json\/wp\/v2\/product\/50213","targetHints":{"allow":["GET"]}}],"collection":[{"href":"https:\/\/www.animille.com\/de\/wp-json\/wp\/v2\/product"}],"about":[{"href":"https:\/\/www.animille.com\/de\/wp-json\/wp\/v2\/types\/product"}],"replies":[{"embeddable":true,"href":"https:\/\/www.animille.com\/de\/wp-json\/wp\/v2\/comments?post=50213"}],"wp:featuredmedia":[{"embeddable":true,"href":"https:\/\/www.animille.com\/de\/wp-json\/wp\/v2\/media\/50206"}],"wp:attachment":[{"href":"https:\/\/www.animille.com\/de\/wp-json\/wp\/v2\/media?parent=50213"}],"wp:term":[{"taxonomy":"product_brand","embeddable":true,"href":"https:\/\/www.animille.com\/de\/wp-json\/wp\/v2\/product_brand?post=50213"},{"taxonomy":"product_cat","embeddable":true,"href":"https:\/\/www.animille.com\/de\/wp-json\/wp\/v2\/product_cat?post=50213"},{"taxonomy":"product_tag","embeddable":true,"href":"https:\/\/www.animille.com\/de\/wp-json\/wp\/v2\/product_tag?post=50213"}],"curies":[{"name":"wp","href":"https:\/\/api.w.org\/{rel}","templated":true}]}}