{"id":50102,"date":"2025-12-31T20:59:17","date_gmt":"2025-12-31T18:59:17","guid":{"rendered":"https:\/\/www.animille.com\/produkt\/ucho-wieprzowe-srodkowe-100g\/"},"modified":"2026-04-09T07:25:13","modified_gmt":"2026-04-09T06:25:13","slug":"ucho-wieprzowe-srodkowe-100g","status":"publish","type":"product","link":"https:\/\/www.animille.com\/de\/produkt\/ucho-wieprzowe-srodkowe-100g\/","title":{"rendered":"Ucho Wieprzowe \u015arodkowe 100g"},"content":{"rendered":"<p>Ein Leckerli aus dem Knorpel des Mittelohrs. Die Form des Kausnacks ist unregelm\u00e4\u00dfig und stellt daher eine Herausforderung f\u00fcr Hunde dar. Dank seiner Struktur ist er eine Quelle von Eiwei\u00df und Proteinen. M\u00e4\u00dfig hartes Produkt.<\/p>","protected":false},"excerpt":{"rendered":"<p>Ein Leckerli aus dem Knorpel des Mittelohrs. Die Form des Kausnacks ist unregelm\u00e4\u00dfig und stellt daher eine Herausforderung f\u00fcr Hunde dar. Dank seiner Struktur ist er eine Quelle von Eiwei\u00df und Proteinen. M\u00e4\u00dfig hartes Produkt.<\/p>","protected":false},"featured_media":50093,"comment_status":"open","ping_status":"closed","template":"","meta":{"_acf_changed":false},"product_brand":[],"product_cat":[1242,1247],"product_tag":[],"class_list":{"0":"post-50102","1":"product","2":"type-product","3":"status-publish","4":"has-post-thumbnail","6":"product_cat-wieprzowina","7":"product_cat-wieprzowina-koty","9":"first","10":"instock","11":"taxable","12":"shipping-taxable","13":"purchasable","14":"product-type-simple"},"acf":[],"_links":{"self":[{"href":"https:\/\/www.animille.com\/de\/wp-json\/wp\/v2\/product\/50102","targetHints":{"allow":["GET"]}}],"collection":[{"href":"https:\/\/www.animille.com\/de\/wp-json\/wp\/v2\/product"}],"about":[{"href":"https:\/\/www.animille.com\/de\/wp-json\/wp\/v2\/types\/product"}],"replies":[{"embeddable":true,"href":"https:\/\/www.animille.com\/de\/wp-json\/wp\/v2\/comments?post=50102"}],"wp:featuredmedia":[{"embeddable":true,"href":"https:\/\/www.animille.com\/de\/wp-json\/wp\/v2\/media\/50093"}],"wp:attachment":[{"href":"https:\/\/www.animille.com\/de\/wp-json\/wp\/v2\/media?parent=50102"}],"wp:term":[{"taxonomy":"product_brand","embeddable":true,"href":"https:\/\/www.animille.com\/de\/wp-json\/wp\/v2\/product_brand?post=50102"},{"taxonomy":"product_cat","embeddable":true,"href":"https:\/\/www.animille.com\/de\/wp-json\/wp\/v2\/product_cat?post=50102"},{"taxonomy":"product_tag","embeddable":true,"href":"https:\/\/www.animille.com\/de\/wp-json\/wp\/v2\/product_tag?post=50102"}],"curies":[{"name":"wp","href":"https:\/\/api.w.org\/{rel}","templated":true}]}}