{"id":50089,"date":"2025-12-31T20:59:09","date_gmt":"2025-12-31T18:59:09","guid":{"rendered":"https:\/\/www.animille.com\/produkt\/tchawica-wolowa-rurka-30cm-1szt\/"},"modified":"2026-01-02T02:06:31","modified_gmt":"2026-01-02T00:06:31","slug":"tchawica-wolowa-rurka-30cm-1szt","status":"publish","type":"product","link":"https:\/\/www.animille.com\/de\/produkt\/tchawica-wolowa-rurka-30cm-1szt\/","title":{"rendered":"Tchawica Wo\u0142owa Rurka 30cm 1szt"},"content":{"rendered":"<p>Rindertrachea Hundeleckerlis sind eine Quelle f\u00fcr Glucosamin und Chondroitinsulfat, die f\u00fcr das gute Funktionieren des Bewegungsapparates, insbesondere der Gelenke von Hunden, unerl\u00e4sslich sind. Hartes Produkt. Ganz verpackt in Form einer 30 cm langen Tube.<\/p>","protected":false},"excerpt":{"rendered":"<p>Rindertrachea Hundeleckerlis sind eine Quelle f\u00fcr Glucosamin und Chondroitinsulfat, die f\u00fcr das gute Funktionieren des Bewegungsapparates, insbesondere der Gelenke von Hunden, unerl\u00e4sslich sind. Hartes Produkt. Ganz verpackt in Form einer 30 cm langen Tube.<\/p>","protected":false},"featured_media":0,"comment_status":"open","ping_status":"closed","template":"","meta":{"_acf_changed":false},"product_brand":[],"product_cat":[1241],"product_tag":[],"class_list":{"0":"post-50089","1":"product","2":"type-product","3":"status-publish","5":"product_cat-wolowina","7":"first","8":"outofstock","9":"taxable","10":"shipping-taxable","11":"purchasable","12":"product-type-simple"},"acf":[],"_links":{"self":[{"href":"https:\/\/www.animille.com\/de\/wp-json\/wp\/v2\/product\/50089","targetHints":{"allow":["GET"]}}],"collection":[{"href":"https:\/\/www.animille.com\/de\/wp-json\/wp\/v2\/product"}],"about":[{"href":"https:\/\/www.animille.com\/de\/wp-json\/wp\/v2\/types\/product"}],"replies":[{"embeddable":true,"href":"https:\/\/www.animille.com\/de\/wp-json\/wp\/v2\/comments?post=50089"}],"wp:attachment":[{"href":"https:\/\/www.animille.com\/de\/wp-json\/wp\/v2\/media?parent=50089"}],"wp:term":[{"taxonomy":"product_brand","embeddable":true,"href":"https:\/\/www.animille.com\/de\/wp-json\/wp\/v2\/product_brand?post=50089"},{"taxonomy":"product_cat","embeddable":true,"href":"https:\/\/www.animille.com\/de\/wp-json\/wp\/v2\/product_cat?post=50089"},{"taxonomy":"product_tag","embeddable":true,"href":"https:\/\/www.animille.com\/de\/wp-json\/wp\/v2\/product_tag?post=50089"}],"curies":[{"name":"wp","href":"https:\/\/api.w.org\/{rel}","templated":true}]}}