{"id":50057,"date":"2025-12-31T20:58:45","date_gmt":"2025-12-31T18:58:45","guid":{"rendered":"https:\/\/www.animille.com\/produkt\/tchawica-wolowa-cieta-100g\/"},"modified":"2026-04-13T09:28:08","modified_gmt":"2026-04-13T08:28:08","slug":"tchawica-wolowa-cieta-100g","status":"publish","type":"product","link":"https:\/\/www.animille.com\/de\/produkt\/tchawica-wolowa-cieta-100g\/","title":{"rendered":"Tchawica Wo\u0142owa Ci\u0119ta 100g"},"content":{"rendered":"<p>Die Trachea-Hundeleckerlis vom Rind sind eine Quelle f\u00fcr Glucosamin und Chondroitinsulfat, die f\u00fcr das gute Funktionieren des Bewegungsapparats, insbesondere der Gelenke Ihres Haustiers, unerl\u00e4sslich sind. Verpackt in kleineren St\u00fccken.<\/p>","protected":false},"excerpt":{"rendered":"<p>Die Trachea-Hundeleckerlis vom Rind sind eine Quelle f\u00fcr Glucosamin und Chondroitinsulfat, die f\u00fcr das gute Funktionieren des Bewegungsapparats, insbesondere der Gelenke Ihres Haustiers, unerl\u00e4sslich sind. Verpackt in kleineren St\u00fccken.<\/p>","protected":false},"featured_media":50050,"comment_status":"open","ping_status":"closed","template":"","meta":{"_acf_changed":false},"product_brand":[],"product_cat":[1241],"product_tag":[],"class_list":{"0":"post-50057","1":"product","2":"type-product","3":"status-publish","4":"has-post-thumbnail","6":"product_cat-wolowina","8":"first","9":"instock","10":"taxable","11":"shipping-taxable","12":"purchasable","13":"product-type-simple"},"acf":[],"_links":{"self":[{"href":"https:\/\/www.animille.com\/de\/wp-json\/wp\/v2\/product\/50057","targetHints":{"allow":["GET"]}}],"collection":[{"href":"https:\/\/www.animille.com\/de\/wp-json\/wp\/v2\/product"}],"about":[{"href":"https:\/\/www.animille.com\/de\/wp-json\/wp\/v2\/types\/product"}],"replies":[{"embeddable":true,"href":"https:\/\/www.animille.com\/de\/wp-json\/wp\/v2\/comments?post=50057"}],"wp:featuredmedia":[{"embeddable":true,"href":"https:\/\/www.animille.com\/de\/wp-json\/wp\/v2\/media\/50050"}],"wp:attachment":[{"href":"https:\/\/www.animille.com\/de\/wp-json\/wp\/v2\/media?parent=50057"}],"wp:term":[{"taxonomy":"product_brand","embeddable":true,"href":"https:\/\/www.animille.com\/de\/wp-json\/wp\/v2\/product_brand?post=50057"},{"taxonomy":"product_cat","embeddable":true,"href":"https:\/\/www.animille.com\/de\/wp-json\/wp\/v2\/product_cat?post=50057"},{"taxonomy":"product_tag","embeddable":true,"href":"https:\/\/www.animille.com\/de\/wp-json\/wp\/v2\/product_tag?post=50057"}],"curies":[{"name":"wp","href":"https:\/\/api.w.org\/{rel}","templated":true}]}}