{"id":50047,"date":"2025-12-31T20:58:38","date_gmt":"2025-12-31T18:58:38","guid":{"rendered":"https:\/\/www.animille.com\/produkt\/sciegna-wolowe-200g\/"},"modified":"2026-02-12T15:25:14","modified_gmt":"2026-02-12T14:25:14","slug":"sciegna-wolowe-200g","status":"publish","type":"product","link":"https:\/\/www.animille.com\/de\/produkt\/sciegna-wolowe-200g\/","title":{"rendered":"\u015aci\u0119gna Wo\u0142owe 200g"},"content":{"rendered":"<p>Ein leicht verdaulicher Kausnack f\u00fcr Hunde gr\u00f6\u00dferer Rassen. Die ziemlich feste Textur des Leckerlis wird Sie stundenlang unterhalten. Dank seines geringen Fettgehalts ist es f\u00fcr Hunde geeignet, die zu \u00dcbergewicht neigen. Hartes Produkt.<\/p>","protected":false},"excerpt":{"rendered":"<p>Ein leicht verdaulicher Kausnack f\u00fcr Hunde gr\u00f6\u00dferer Rassen. Die ziemlich feste Textur des Leckerlis wird Sie stundenlang unterhalten. Dank seines geringen Fettgehalts ist es f\u00fcr Hunde geeignet, die zu \u00dcbergewicht neigen. Hartes Produkt.<\/p>","protected":false},"featured_media":0,"comment_status":"open","ping_status":"closed","template":"","meta":{"_acf_changed":false},"product_brand":[],"product_cat":[1241],"product_tag":[],"class_list":{"0":"post-50047","1":"product","2":"type-product","3":"status-publish","5":"product_cat-wolowina","7":"first","8":"instock","9":"taxable","10":"shipping-taxable","11":"purchasable","12":"product-type-simple"},"acf":[],"_links":{"self":[{"href":"https:\/\/www.animille.com\/de\/wp-json\/wp\/v2\/product\/50047","targetHints":{"allow":["GET"]}}],"collection":[{"href":"https:\/\/www.animille.com\/de\/wp-json\/wp\/v2\/product"}],"about":[{"href":"https:\/\/www.animille.com\/de\/wp-json\/wp\/v2\/types\/product"}],"replies":[{"embeddable":true,"href":"https:\/\/www.animille.com\/de\/wp-json\/wp\/v2\/comments?post=50047"}],"wp:attachment":[{"href":"https:\/\/www.animille.com\/de\/wp-json\/wp\/v2\/media?parent=50047"}],"wp:term":[{"taxonomy":"product_brand","embeddable":true,"href":"https:\/\/www.animille.com\/de\/wp-json\/wp\/v2\/product_brand?post=50047"},{"taxonomy":"product_cat","embeddable":true,"href":"https:\/\/www.animille.com\/de\/wp-json\/wp\/v2\/product_cat?post=50047"},{"taxonomy":"product_tag","embeddable":true,"href":"https:\/\/www.animille.com\/de\/wp-json\/wp\/v2\/product_tag?post=50047"}],"curies":[{"name":"wp","href":"https:\/\/api.w.org\/{rel}","templated":true}]}}