{"id":50044,"date":"2025-12-31T20:58:35","date_gmt":"2025-12-31T18:58:35","guid":{"rendered":"https:\/\/www.animille.com\/produkt\/szyje-kurze-500g\/"},"modified":"2026-04-08T17:25:07","modified_gmt":"2026-04-08T16:25:07","slug":"szyje-kurze-500g","status":"publish","type":"product","link":"https:\/\/www.animille.com\/de\/produkt\/szyje-kurze-500g\/","title":{"rendered":"Szyje Kurze 500g"},"content":{"rendered":"<p>Ein Leckerbissen, der aus getrockneten Knorpeln und Fleisch besteht. Die Kauartikel sind aufgrund ihrer Zusammensetzung sehr s\u00e4ttigend. Dank ihrer H\u00e4rte helfen sie, bakteriellen Zahnbelag und Zahnstein zu entfernen, w\u00e4hrend sie das Zahnfleisch des Hundes massieren.<\/p>","protected":false},"excerpt":{"rendered":"<p>Ein Leckerbissen, der aus getrockneten Knorpeln und Fleisch besteht. Die Kauartikel sind aufgrund ihrer Zusammensetzung sehr s\u00e4ttigend. Dank ihrer H\u00e4rte helfen sie, bakteriellen Zahnbelag und Zahnstein zu entfernen, w\u00e4hrend sie das Zahnfleisch des Hundes massieren.<\/p>","protected":false},"featured_media":50037,"comment_status":"open","ping_status":"closed","template":"","meta":{"_acf_changed":false},"product_brand":[],"product_cat":[1243,1250,1253],"product_tag":[],"class_list":{"0":"post-50044","1":"product","2":"type-product","3":"status-publish","4":"has-post-thumbnail","6":"product_cat-drob","7":"product_cat-kurczak","8":"product_cat-drob-koty","10":"first","11":"instock","12":"taxable","13":"shipping-taxable","14":"purchasable","15":"product-type-simple"},"acf":[],"_links":{"self":[{"href":"https:\/\/www.animille.com\/de\/wp-json\/wp\/v2\/product\/50044","targetHints":{"allow":["GET"]}}],"collection":[{"href":"https:\/\/www.animille.com\/de\/wp-json\/wp\/v2\/product"}],"about":[{"href":"https:\/\/www.animille.com\/de\/wp-json\/wp\/v2\/types\/product"}],"replies":[{"embeddable":true,"href":"https:\/\/www.animille.com\/de\/wp-json\/wp\/v2\/comments?post=50044"}],"wp:featuredmedia":[{"embeddable":true,"href":"https:\/\/www.animille.com\/de\/wp-json\/wp\/v2\/media\/50037"}],"wp:attachment":[{"href":"https:\/\/www.animille.com\/de\/wp-json\/wp\/v2\/media?parent=50044"}],"wp:term":[{"taxonomy":"product_brand","embeddable":true,"href":"https:\/\/www.animille.com\/de\/wp-json\/wp\/v2\/product_brand?post=50044"},{"taxonomy":"product_cat","embeddable":true,"href":"https:\/\/www.animille.com\/de\/wp-json\/wp\/v2\/product_cat?post=50044"},{"taxonomy":"product_tag","embeddable":true,"href":"https:\/\/www.animille.com\/de\/wp-json\/wp\/v2\/product_tag?post=50044"}],"curies":[{"name":"wp","href":"https:\/\/api.w.org\/{rel}","templated":true}]}}