{"id":49932,"date":"2025-12-31T20:57:02","date_gmt":"2025-12-31T18:57:02","guid":{"rendered":"https:\/\/www.animille.com\/produkt\/skora-zwijana-wolowa-200g\/"},"modified":"2026-03-23T10:28:57","modified_gmt":"2026-03-23T09:28:57","slug":"skora-zwijana-wolowa-200g","status":"publish","type":"product","link":"https:\/\/www.animille.com\/de\/produkt\/skora-zwijana-wolowa-200g\/","title":{"rendered":"Sk\u00f3ra Zwijana Wo\u0142owa 200g"},"content":{"rendered":"<p>Kauartikel aus handgerollter Rinderhaut. Besteht haupts\u00e4chlich aus Eiwei\u00df und Proteinen, die den K\u00f6rper des Hundes auf nat\u00fcrliche Weise unterst\u00fctzen. Befriedigt das nat\u00fcrliche Kaubed\u00fcrfnis und entfernt gleichzeitig bakteriellen Zahnbelag und Zahnstein. Hartes Produkt.<\/p>","protected":false},"excerpt":{"rendered":"<p>Kauartikel aus handgerollter Rinderhaut. Besteht haupts\u00e4chlich aus Eiwei\u00df und Proteinen, die den K\u00f6rper des Hundes auf nat\u00fcrliche Weise unterst\u00fctzen. Befriedigt das nat\u00fcrliche Kaubed\u00fcrfnis und entfernt gleichzeitig bakteriellen Zahnbelag und Zahnstein. Hartes Produkt.<\/p>","protected":false},"featured_media":49925,"comment_status":"open","ping_status":"closed","template":"","meta":{"_acf_changed":false},"product_brand":[],"product_cat":[1241],"product_tag":[],"class_list":{"0":"post-49932","1":"product","2":"type-product","3":"status-publish","4":"has-post-thumbnail","6":"product_cat-wolowina","8":"first","9":"instock","10":"taxable","11":"shipping-taxable","12":"purchasable","13":"product-type-simple"},"acf":[],"_links":{"self":[{"href":"https:\/\/www.animille.com\/de\/wp-json\/wp\/v2\/product\/49932","targetHints":{"allow":["GET"]}}],"collection":[{"href":"https:\/\/www.animille.com\/de\/wp-json\/wp\/v2\/product"}],"about":[{"href":"https:\/\/www.animille.com\/de\/wp-json\/wp\/v2\/types\/product"}],"replies":[{"embeddable":true,"href":"https:\/\/www.animille.com\/de\/wp-json\/wp\/v2\/comments?post=49932"}],"wp:featuredmedia":[{"embeddable":true,"href":"https:\/\/www.animille.com\/de\/wp-json\/wp\/v2\/media\/49925"}],"wp:attachment":[{"href":"https:\/\/www.animille.com\/de\/wp-json\/wp\/v2\/media?parent=49932"}],"wp:term":[{"taxonomy":"product_brand","embeddable":true,"href":"https:\/\/www.animille.com\/de\/wp-json\/wp\/v2\/product_brand?post=49932"},{"taxonomy":"product_cat","embeddable":true,"href":"https:\/\/www.animille.com\/de\/wp-json\/wp\/v2\/product_cat?post=49932"},{"taxonomy":"product_tag","embeddable":true,"href":"https:\/\/www.animille.com\/de\/wp-json\/wp\/v2\/product_tag?post=49932"}],"curies":[{"name":"wp","href":"https:\/\/api.w.org\/{rel}","templated":true}]}}