{"id":49905,"date":"2025-12-31T20:56:33","date_gmt":"2025-12-31T18:56:33","guid":{"rendered":"https:\/\/www.animille.com\/produkt\/skora-wieprzowa-zwijana-200g\/"},"modified":"2026-01-02T02:06:28","modified_gmt":"2026-01-02T00:06:28","slug":"skora-wieprzowa-zwijana-200g","status":"publish","type":"product","link":"https:\/\/www.animille.com\/de\/produkt\/skora-wieprzowa-zwijana-200g\/","title":{"rendered":"Sk\u00f3ra Wieprzowa Zwijana 200g"},"content":{"rendered":"<p>Kausnacks aus Schweinehaut geh\u00f6ren zu den haltbarsten Kausnacks f\u00fcr Hunde. Reich an Prolin - einer Aminos\u00e4ure, die f\u00fcr die Wiederherstellung von Kollagen unerl\u00e4sslich ist. Sowohl Welpen als auch erwachsene Hunde k\u00f6nnen es ohne Probleme vertragen. Wird in Form einer aufgerollten Tube serviert.<\/p>","protected":false},"excerpt":{"rendered":"<p>Kausnacks aus Schweinehaut geh\u00f6ren zu den haltbarsten Kausnacks f\u00fcr Hunde. Reich an Prolin - einer Aminos\u00e4ure, die f\u00fcr die Wiederherstellung von Kollagen unerl\u00e4sslich ist. Sowohl Welpen als auch erwachsene Hunde k\u00f6nnen es ohne Probleme vertragen. Wird in Form einer aufgerollten Tube serviert.<\/p>","protected":false},"featured_media":0,"comment_status":"open","ping_status":"closed","template":"","meta":{"_acf_changed":false},"product_brand":[],"product_cat":[1242,1247],"product_tag":[],"class_list":{"0":"post-49905","1":"product","2":"type-product","3":"status-publish","5":"product_cat-wieprzowina","6":"product_cat-wieprzowina-koty","8":"first","9":"instock","10":"taxable","11":"shipping-taxable","12":"purchasable","13":"product-type-simple"},"acf":[],"_links":{"self":[{"href":"https:\/\/www.animille.com\/de\/wp-json\/wp\/v2\/product\/49905","targetHints":{"allow":["GET"]}}],"collection":[{"href":"https:\/\/www.animille.com\/de\/wp-json\/wp\/v2\/product"}],"about":[{"href":"https:\/\/www.animille.com\/de\/wp-json\/wp\/v2\/types\/product"}],"replies":[{"embeddable":true,"href":"https:\/\/www.animille.com\/de\/wp-json\/wp\/v2\/comments?post=49905"}],"wp:attachment":[{"href":"https:\/\/www.animille.com\/de\/wp-json\/wp\/v2\/media?parent=49905"}],"wp:term":[{"taxonomy":"product_brand","embeddable":true,"href":"https:\/\/www.animille.com\/de\/wp-json\/wp\/v2\/product_brand?post=49905"},{"taxonomy":"product_cat","embeddable":true,"href":"https:\/\/www.animille.com\/de\/wp-json\/wp\/v2\/product_cat?post=49905"},{"taxonomy":"product_tag","embeddable":true,"href":"https:\/\/www.animille.com\/de\/wp-json\/wp\/v2\/product_tag?post=49905"}],"curies":[{"name":"wp","href":"https:\/\/api.w.org\/{rel}","templated":true}]}}