{"id":49834,"date":"2025-12-31T20:54:35","date_gmt":"2025-12-31T18:54:35","guid":{"rendered":"https:\/\/www.animille.com\/produkt\/policzki-wolowe-500g\/"},"modified":"2026-01-02T02:06:26","modified_gmt":"2026-01-02T00:06:26","slug":"policzki-wolowe-500g","status":"publish","type":"product","link":"https:\/\/www.animille.com\/de\/produkt\/policzki-wolowe-500g\/","title":{"rendered":"Policzki Wo\u0142owe 500g"},"content":{"rendered":"<p>Posiada bogactwo mikroelement\u00f3w i bia\u0142ka, kt\u00f3re pozytywnie wp\u0142ywaj\u0105 na uk\u0142ad pokarmowy. Poleca si\u0119 ja jako karm\u0119 uzupe\u0142niaj\u0105c\u0105 dla ps\u00f3w z problemami trawiennymi. Policzki s\u0105 dosy\u0107 tward\u0105 przek\u0105sk\u0105 dlatego zajm\u0105 psy na d\u0142u\u017csz\u0105 chwil\u0119, jednocze\u015bnie zaspokajaj\u0105c naturaln\u0105 potrzeb\u0119 gryzienia.<\/p>","protected":false},"excerpt":{"rendered":"<p>Posiada bogactwo mikroelement\u00f3w i bia\u0142ka, kt\u00f3re pozytywnie wp\u0142ywaj\u0105 na uk\u0142ad pokarmowy. Poleca si\u0119 ja jako karm\u0119 uzupe\u0142niaj\u0105c\u0105 dla ps\u00f3w z problemami trawiennymi. Policzki s\u0105 dosy\u0107 tward\u0105 przek\u0105sk\u0105 dlatego zajm\u0105 psy na d\u0142u\u017csz\u0105 chwil\u0119, jednocze\u015bnie zaspokajaj\u0105c naturaln\u0105 potrzeb\u0119 gryzienia.<\/p>","protected":false},"featured_media":0,"comment_status":"open","ping_status":"closed","template":"","meta":{"_acf_changed":false},"product_brand":[],"product_cat":[1241,15],"product_tag":[],"class_list":{"0":"post-49834","1":"product","2":"type-product","3":"status-publish","5":"product_cat-wolowina","6":"product_cat-bez-kategorii","8":"first","9":"outofstock","10":"taxable","11":"shipping-taxable","12":"purchasable","13":"product-type-simple"},"acf":[],"_links":{"self":[{"href":"https:\/\/www.animille.com\/de\/wp-json\/wp\/v2\/product\/49834","targetHints":{"allow":["GET"]}}],"collection":[{"href":"https:\/\/www.animille.com\/de\/wp-json\/wp\/v2\/product"}],"about":[{"href":"https:\/\/www.animille.com\/de\/wp-json\/wp\/v2\/types\/product"}],"replies":[{"embeddable":true,"href":"https:\/\/www.animille.com\/de\/wp-json\/wp\/v2\/comments?post=49834"}],"wp:attachment":[{"href":"https:\/\/www.animille.com\/de\/wp-json\/wp\/v2\/media?parent=49834"}],"wp:term":[{"taxonomy":"product_brand","embeddable":true,"href":"https:\/\/www.animille.com\/de\/wp-json\/wp\/v2\/product_brand?post=49834"},{"taxonomy":"product_cat","embeddable":true,"href":"https:\/\/www.animille.com\/de\/wp-json\/wp\/v2\/product_cat?post=49834"},{"taxonomy":"product_tag","embeddable":true,"href":"https:\/\/www.animille.com\/de\/wp-json\/wp\/v2\/product_tag?post=49834"}],"curies":[{"name":"wp","href":"https:\/\/api.w.org\/{rel}","templated":true}]}}