{"id":49829,"date":"2025-12-31T20:54:23","date_gmt":"2025-12-31T18:54:23","guid":{"rendered":"https:\/\/www.animille.com\/produkt\/pluca-wolowe-500g\/"},"modified":"2026-04-09T06:25:08","modified_gmt":"2026-04-09T05:25:08","slug":"pluca-wolowe-500g","status":"publish","type":"product","link":"https:\/\/www.animille.com\/de\/produkt\/pluca-wolowe-500g\/","title":{"rendered":"P\u0142uca Wo\u0142owe 500g"},"content":{"rendered":"<p>Ein nat\u00fcrliches und schmackhaftes Leckerli f\u00fcr Hunde aller Gr\u00f6\u00dfen. Sie k\u00f6nnen leicht in kleinere St\u00fccke geteilt werden. Aufgrund ihres geringen Fettgehalts und ihrer leichten Verdaulichkeit sind sie sowohl f\u00fcr \u00e4ltere Hunde als auch f\u00fcr Welpen geeignet. M\u00e4\u00dfig festes Produkt.<\/p>","protected":false},"excerpt":{"rendered":"<p>Ein nat\u00fcrliches und schmackhaftes Leckerli f\u00fcr Hunde aller Gr\u00f6\u00dfen. Sie k\u00f6nnen leicht in kleinere St\u00fccke geteilt werden. Aufgrund ihres geringen Fettgehalts und ihrer leichten Verdaulichkeit sind sie sowohl f\u00fcr \u00e4ltere Hunde als auch f\u00fcr Welpen geeignet. M\u00e4\u00dfig festes Produkt.<\/p>","protected":false},"featured_media":49822,"comment_status":"open","ping_status":"closed","template":"","meta":{"_acf_changed":false},"product_brand":[],"product_cat":[1241,15],"product_tag":[],"class_list":{"0":"post-49829","1":"product","2":"type-product","3":"status-publish","4":"has-post-thumbnail","6":"product_cat-wolowina","7":"product_cat-bez-kategorii","9":"first","10":"instock","11":"taxable","12":"shipping-taxable","13":"purchasable","14":"product-type-simple"},"acf":[],"_links":{"self":[{"href":"https:\/\/www.animille.com\/de\/wp-json\/wp\/v2\/product\/49829","targetHints":{"allow":["GET"]}}],"collection":[{"href":"https:\/\/www.animille.com\/de\/wp-json\/wp\/v2\/product"}],"about":[{"href":"https:\/\/www.animille.com\/de\/wp-json\/wp\/v2\/types\/product"}],"replies":[{"embeddable":true,"href":"https:\/\/www.animille.com\/de\/wp-json\/wp\/v2\/comments?post=49829"}],"wp:featuredmedia":[{"embeddable":true,"href":"https:\/\/www.animille.com\/de\/wp-json\/wp\/v2\/media\/49822"}],"wp:attachment":[{"href":"https:\/\/www.animille.com\/de\/wp-json\/wp\/v2\/media?parent=49829"}],"wp:term":[{"taxonomy":"product_brand","embeddable":true,"href":"https:\/\/www.animille.com\/de\/wp-json\/wp\/v2\/product_brand?post=49829"},{"taxonomy":"product_cat","embeddable":true,"href":"https:\/\/www.animille.com\/de\/wp-json\/wp\/v2\/product_cat?post=49829"},{"taxonomy":"product_tag","embeddable":true,"href":"https:\/\/www.animille.com\/de\/wp-json\/wp\/v2\/product_tag?post=49829"}],"curies":[{"name":"wp","href":"https:\/\/api.w.org\/{rel}","templated":true}]}}