{"id":49755,"date":"2025-12-31T20:52:45","date_gmt":"2025-12-31T18:52:45","guid":{"rendered":"https:\/\/www.animille.com\/produkt\/noski-wolowe-2kg\/"},"modified":"2026-01-02T02:06:24","modified_gmt":"2026-01-02T00:06:24","slug":"noski-wolowe-2kg","status":"publish","type":"product","link":"https:\/\/www.animille.com\/de\/produkt\/noski-wolowe-2kg\/","title":{"rendered":"Noski Wo\u0142owe 2kg"},"content":{"rendered":"<p>Lekkostrawne gryzaki, kt\u00f3ry dostarcza naszym czworonogom sporo rado\u015bci. Optymalny rozmiar przysmaku stanowi zaj\u0119cie na d\u0142u\u017csz\u0105 chwil\u0119. Produkt twardy.<\/p>","protected":false},"excerpt":{"rendered":"<p>Lekkostrawne gryzaki, kt\u00f3ry dostarcza naszym czworonogom sporo rado\u015bci. Optymalny rozmiar przysmaku stanowi zaj\u0119cie na d\u0142u\u017csz\u0105 chwil\u0119. Produkt twardy.<\/p>","protected":false},"featured_media":0,"comment_status":"open","ping_status":"closed","template":"","meta":{"_acf_changed":false},"product_brand":[],"product_cat":[1241,15],"product_tag":[],"class_list":{"0":"post-49755","1":"product","2":"type-product","3":"status-publish","5":"product_cat-wolowina","6":"product_cat-bez-kategorii","8":"first","9":"outofstock","10":"taxable","11":"shipping-taxable","12":"purchasable","13":"product-type-simple"},"acf":[],"_links":{"self":[{"href":"https:\/\/www.animille.com\/de\/wp-json\/wp\/v2\/product\/49755","targetHints":{"allow":["GET"]}}],"collection":[{"href":"https:\/\/www.animille.com\/de\/wp-json\/wp\/v2\/product"}],"about":[{"href":"https:\/\/www.animille.com\/de\/wp-json\/wp\/v2\/types\/product"}],"replies":[{"embeddable":true,"href":"https:\/\/www.animille.com\/de\/wp-json\/wp\/v2\/comments?post=49755"}],"wp:attachment":[{"href":"https:\/\/www.animille.com\/de\/wp-json\/wp\/v2\/media?parent=49755"}],"wp:term":[{"taxonomy":"product_brand","embeddable":true,"href":"https:\/\/www.animille.com\/de\/wp-json\/wp\/v2\/product_brand?post=49755"},{"taxonomy":"product_cat","embeddable":true,"href":"https:\/\/www.animille.com\/de\/wp-json\/wp\/v2\/product_cat?post=49755"},{"taxonomy":"product_tag","embeddable":true,"href":"https:\/\/www.animille.com\/de\/wp-json\/wp\/v2\/product_tag?post=49755"}],"curies":[{"name":"wp","href":"https:\/\/api.w.org\/{rel}","templated":true}]}}