{"id":49714,"date":"2025-12-31T20:51:27","date_gmt":"2025-12-31T18:51:27","guid":{"rendered":"https:\/\/www.animille.com\/produkt\/lapki-kurze-3szt\/"},"modified":"2026-04-13T07:25:09","modified_gmt":"2026-04-13T06:25:09","slug":"lapki-kurze-3szt","status":"publish","type":"product","link":"https:\/\/www.animille.com\/de\/produkt\/lapki-kurze-3szt\/","title":{"rendered":"\u0141apki Kurze 3szt"},"content":{"rendered":"<p>Ein nat\u00fcrlicher Hundeleckerbissen, der das Grundbed\u00fcrfnis nach Kauen befriedigt. Es ist fettarm und enth\u00e4lt viele Ballaststoffe, die die Verdauung f\u00f6rdern. Ideal f\u00fcr \u00fcbergewichtige Hunde. Hartes Produkt.<\/p>","protected":false},"excerpt":{"rendered":"<p>Ein nat\u00fcrlicher Hundeleckerbissen, der das Grundbed\u00fcrfnis nach Kauen befriedigt. Es ist fettarm und enth\u00e4lt viele Ballaststoffe, die die Verdauung f\u00f6rdern. Ideal f\u00fcr \u00fcbergewichtige Hunde. Hartes Produkt.<\/p>","protected":false},"featured_media":0,"comment_status":"open","ping_status":"closed","template":"","meta":{"_acf_changed":false},"product_brand":[],"product_cat":[15],"product_tag":[],"class_list":{"0":"post-49714","1":"product","2":"type-product","3":"status-publish","5":"product_cat-bez-kategorii","7":"first","8":"instock","9":"taxable","10":"shipping-taxable","11":"purchasable","12":"product-type-simple"},"acf":[],"_links":{"self":[{"href":"https:\/\/www.animille.com\/de\/wp-json\/wp\/v2\/product\/49714","targetHints":{"allow":["GET"]}}],"collection":[{"href":"https:\/\/www.animille.com\/de\/wp-json\/wp\/v2\/product"}],"about":[{"href":"https:\/\/www.animille.com\/de\/wp-json\/wp\/v2\/types\/product"}],"replies":[{"embeddable":true,"href":"https:\/\/www.animille.com\/de\/wp-json\/wp\/v2\/comments?post=49714"}],"wp:attachment":[{"href":"https:\/\/www.animille.com\/de\/wp-json\/wp\/v2\/media?parent=49714"}],"wp:term":[{"taxonomy":"product_brand","embeddable":true,"href":"https:\/\/www.animille.com\/de\/wp-json\/wp\/v2\/product_brand?post=49714"},{"taxonomy":"product_cat","embeddable":true,"href":"https:\/\/www.animille.com\/de\/wp-json\/wp\/v2\/product_cat?post=49714"},{"taxonomy":"product_tag","embeddable":true,"href":"https:\/\/www.animille.com\/de\/wp-json\/wp\/v2\/product_tag?post=49714"}],"curies":[{"name":"wp","href":"https:\/\/api.w.org\/{rel}","templated":true}]}}