{"id":49713,"date":"2025-12-31T20:51:25","date_gmt":"2025-12-31T18:51:25","guid":{"rendered":"https:\/\/www.animille.com\/produkt\/lapki-kurze-2kg\/"},"modified":"2026-03-16T22:28:33","modified_gmt":"2026-03-16T21:28:33","slug":"lapki-kurze-2kg","status":"publish","type":"product","link":"https:\/\/www.animille.com\/de\/produkt\/lapki-kurze-2kg\/","title":{"rendered":"\u0141apki Kurze 2kg"},"content":{"rendered":"<p>Ein nat\u00fcrlicher Hundeleckerbissen, der das Grundbed\u00fcrfnis nach Kauen befriedigt. Es ist fettarm und enth\u00e4lt viele Ballaststoffe, die die Verdauung f\u00f6rdern. Ideal f\u00fcr \u00fcbergewichtige Hunde. Hartes Produkt.<\/p>","protected":false},"excerpt":{"rendered":"<p>Ein nat\u00fcrlicher Hundeleckerbissen, der das Grundbed\u00fcrfnis nach Kauen befriedigt. Es ist fettarm und enth\u00e4lt viele Ballaststoffe, die die Verdauung f\u00f6rdern. Ideal f\u00fcr \u00fcbergewichtige Hunde. Hartes Produkt.<\/p>","protected":false},"featured_media":49706,"comment_status":"open","ping_status":"closed","template":"","meta":{"_acf_changed":false},"product_brand":[],"product_cat":[15],"product_tag":[],"class_list":{"0":"post-49713","1":"product","2":"type-product","3":"status-publish","4":"has-post-thumbnail","6":"product_cat-bez-kategorii","8":"first","9":"outofstock","10":"taxable","11":"shipping-taxable","12":"purchasable","13":"product-type-simple"},"acf":[],"_links":{"self":[{"href":"https:\/\/www.animille.com\/de\/wp-json\/wp\/v2\/product\/49713","targetHints":{"allow":["GET"]}}],"collection":[{"href":"https:\/\/www.animille.com\/de\/wp-json\/wp\/v2\/product"}],"about":[{"href":"https:\/\/www.animille.com\/de\/wp-json\/wp\/v2\/types\/product"}],"replies":[{"embeddable":true,"href":"https:\/\/www.animille.com\/de\/wp-json\/wp\/v2\/comments?post=49713"}],"wp:featuredmedia":[{"embeddable":true,"href":"https:\/\/www.animille.com\/de\/wp-json\/wp\/v2\/media\/49706"}],"wp:attachment":[{"href":"https:\/\/www.animille.com\/de\/wp-json\/wp\/v2\/media?parent=49713"}],"wp:term":[{"taxonomy":"product_brand","embeddable":true,"href":"https:\/\/www.animille.com\/de\/wp-json\/wp\/v2\/product_brand?post=49713"},{"taxonomy":"product_cat","embeddable":true,"href":"https:\/\/www.animille.com\/de\/wp-json\/wp\/v2\/product_cat?post=49713"},{"taxonomy":"product_tag","embeddable":true,"href":"https:\/\/www.animille.com\/de\/wp-json\/wp\/v2\/product_tag?post=49713"}],"curies":[{"name":"wp","href":"https:\/\/api.w.org\/{rel}","templated":true}]}}