{"id":49672,"date":"2025-12-31T20:50:52","date_gmt":"2025-12-31T18:50:52","guid":{"rendered":"https:\/\/www.animille.com\/produkt\/lapki-kacze-2kg\/"},"modified":"2026-01-02T02:06:20","modified_gmt":"2026-01-02T00:06:20","slug":"lapki-kacze-2kg","status":"publish","type":"product","link":"https:\/\/www.animille.com\/de\/produkt\/lapki-kacze-2kg\/","title":{"rendered":"\u0141apki Kacze 2kg"},"content":{"rendered":"<p>\u0141apki kacze Animille to znakomity przysmak dla ps\u00f3w aktywnych ras \u015brednich i wi\u0119kszych. Ich spo\u017cywanie wspiera zdrowy uk\u0142ad kostno-stawowy u zwierz\u0119cia oraz zaspokajaj\u0105 potrzeb\u0119 gryzienia. Posiadaj\u0105 atrakcyjny smak i zapach dla naszych czworonog\u00f3w. Produkt twardy.<\/p>","protected":false},"excerpt":{"rendered":"<p>\u0141apki kacze Animille to znakomity przysmak dla ps\u00f3w aktywnych ras \u015brednich i wi\u0119kszych. Ich spo\u017cywanie wspiera zdrowy uk\u0142ad kostno-stawowy u zwierz\u0119cia oraz zaspokajaj\u0105 potrzeb\u0119 gryzienia. Posiadaj\u0105 atrakcyjny smak i zapach dla naszych czworonog\u00f3w. Produkt twardy.<\/p>","protected":false},"featured_media":0,"comment_status":"open","ping_status":"closed","template":"","meta":{"_acf_changed":false},"product_brand":[],"product_cat":[15],"product_tag":[],"class_list":{"0":"post-49672","1":"product","2":"type-product","3":"status-publish","5":"product_cat-bez-kategorii","7":"first","8":"outofstock","9":"taxable","10":"shipping-taxable","11":"purchasable","12":"product-type-simple"},"acf":[],"_links":{"self":[{"href":"https:\/\/www.animille.com\/de\/wp-json\/wp\/v2\/product\/49672","targetHints":{"allow":["GET"]}}],"collection":[{"href":"https:\/\/www.animille.com\/de\/wp-json\/wp\/v2\/product"}],"about":[{"href":"https:\/\/www.animille.com\/de\/wp-json\/wp\/v2\/types\/product"}],"replies":[{"embeddable":true,"href":"https:\/\/www.animille.com\/de\/wp-json\/wp\/v2\/comments?post=49672"}],"wp:attachment":[{"href":"https:\/\/www.animille.com\/de\/wp-json\/wp\/v2\/media?parent=49672"}],"wp:term":[{"taxonomy":"product_brand","embeddable":true,"href":"https:\/\/www.animille.com\/de\/wp-json\/wp\/v2\/product_brand?post=49672"},{"taxonomy":"product_cat","embeddable":true,"href":"https:\/\/www.animille.com\/de\/wp-json\/wp\/v2\/product_cat?post=49672"},{"taxonomy":"product_tag","embeddable":true,"href":"https:\/\/www.animille.com\/de\/wp-json\/wp\/v2\/product_tag?post=49672"}],"curies":[{"name":"wp","href":"https:\/\/api.w.org\/{rel}","templated":true}]}}