{"id":49652,"date":"2025-12-31T20:50:37","date_gmt":"2025-12-31T18:50:37","guid":{"rendered":"https:\/\/www.animille.com\/produkt\/lapki-kacze-100g\/"},"modified":"2026-03-13T22:25:08","modified_gmt":"2026-03-13T21:25:08","slug":"lapki-kacze-100g","status":"publish","type":"product","link":"https:\/\/www.animille.com\/de\/produkt\/lapki-kacze-100g\/","title":{"rendered":"\u0141apki Kacze 100g"},"content":{"rendered":"<p>\u0141apki kacze Animille to znakomity przysmak dla ps\u00f3w aktywnych ras \u015brednich i wi\u0119kszych. Ich spo\u017cywanie wspiera zdrowy uk\u0142ad kostno-stawowy u zwierz\u0119cia oraz zaspokajaj\u0105 potrzeb\u0119 gryzienia. Posiadaj\u0105 atrakcyjny smak i zapach dla naszych czworonog\u00f3w. Produkt twardy.<\/p>","protected":false},"excerpt":{"rendered":"<p>\u0141apki kacze Animille to znakomity przysmak dla ps\u00f3w aktywnych ras \u015brednich i wi\u0119kszych. Ich spo\u017cywanie wspiera zdrowy uk\u0142ad kostno-stawowy u zwierz\u0119cia oraz zaspokajaj\u0105 potrzeb\u0119 gryzienia. Posiadaj\u0105 atrakcyjny smak i zapach dla naszych czworonog\u00f3w. Produkt twardy.<\/p>","protected":false},"featured_media":49645,"comment_status":"open","ping_status":"closed","template":"","meta":{"_acf_changed":false},"product_brand":[],"product_cat":[15],"product_tag":[],"class_list":{"0":"post-49652","1":"product","2":"type-product","3":"status-publish","4":"has-post-thumbnail","6":"product_cat-bez-kategorii","8":"first","9":"instock","10":"taxable","11":"shipping-taxable","12":"purchasable","13":"product-type-simple"},"acf":[],"_links":{"self":[{"href":"https:\/\/www.animille.com\/de\/wp-json\/wp\/v2\/product\/49652","targetHints":{"allow":["GET"]}}],"collection":[{"href":"https:\/\/www.animille.com\/de\/wp-json\/wp\/v2\/product"}],"about":[{"href":"https:\/\/www.animille.com\/de\/wp-json\/wp\/v2\/types\/product"}],"replies":[{"embeddable":true,"href":"https:\/\/www.animille.com\/de\/wp-json\/wp\/v2\/comments?post=49652"}],"wp:featuredmedia":[{"embeddable":true,"href":"https:\/\/www.animille.com\/de\/wp-json\/wp\/v2\/media\/49645"}],"wp:attachment":[{"href":"https:\/\/www.animille.com\/de\/wp-json\/wp\/v2\/media?parent=49652"}],"wp:term":[{"taxonomy":"product_brand","embeddable":true,"href":"https:\/\/www.animille.com\/de\/wp-json\/wp\/v2\/product_brand?post=49652"},{"taxonomy":"product_cat","embeddable":true,"href":"https:\/\/www.animille.com\/de\/wp-json\/wp\/v2\/product_cat?post=49652"},{"taxonomy":"product_tag","embeddable":true,"href":"https:\/\/www.animille.com\/de\/wp-json\/wp\/v2\/product_tag?post=49652"}],"curies":[{"name":"wp","href":"https:\/\/api.w.org\/{rel}","templated":true}]}}