{"id":49628,"date":"2025-12-31T20:49:56","date_gmt":"2025-12-31T18:49:56","guid":{"rendered":"https:\/\/www.animille.com\/produkt\/lotka-kurza-1kg\/"},"modified":"2026-01-02T02:06:20","modified_gmt":"2026-01-02T00:06:20","slug":"lotka-kurza-1kg","status":"publish","type":"product","link":"https:\/\/www.animille.com\/de\/produkt\/lotka-kurza-1kg\/","title":{"rendered":"Lotka Kurza 1kg"},"content":{"rendered":"<p>Ein Leckerbissen f\u00fcr Hunde aller Gr\u00f6\u00dfen und Gewichtsklassen. Eine Spezialit\u00e4t, die sich durch ihren hohen Protein- und Ballaststoffgehalt bei gleichzeitig geringem Fettgehalt auszeichnet. Hartes Produkt.<\/p>","protected":false},"excerpt":{"rendered":"<p>Ein Leckerbissen f\u00fcr Hunde aller Gr\u00f6\u00dfen und Gewichtsklassen. Eine Spezialit\u00e4t, die sich durch ihren hohen Protein- und Ballaststoffgehalt bei gleichzeitig geringem Fettgehalt auszeichnet. Hartes Produkt.<\/p>","protected":false},"featured_media":0,"comment_status":"open","ping_status":"closed","template":"","meta":{"_acf_changed":false},"product_brand":[],"product_cat":[15],"product_tag":[],"class_list":{"0":"post-49628","1":"product","2":"type-product","3":"status-publish","5":"product_cat-bez-kategorii","7":"first","8":"instock","9":"taxable","10":"shipping-taxable","11":"purchasable","12":"product-type-simple"},"acf":[],"_links":{"self":[{"href":"https:\/\/www.animille.com\/de\/wp-json\/wp\/v2\/product\/49628","targetHints":{"allow":["GET"]}}],"collection":[{"href":"https:\/\/www.animille.com\/de\/wp-json\/wp\/v2\/product"}],"about":[{"href":"https:\/\/www.animille.com\/de\/wp-json\/wp\/v2\/types\/product"}],"replies":[{"embeddable":true,"href":"https:\/\/www.animille.com\/de\/wp-json\/wp\/v2\/comments?post=49628"}],"wp:attachment":[{"href":"https:\/\/www.animille.com\/de\/wp-json\/wp\/v2\/media?parent=49628"}],"wp:term":[{"taxonomy":"product_brand","embeddable":true,"href":"https:\/\/www.animille.com\/de\/wp-json\/wp\/v2\/product_brand?post=49628"},{"taxonomy":"product_cat","embeddable":true,"href":"https:\/\/www.animille.com\/de\/wp-json\/wp\/v2\/product_cat?post=49628"},{"taxonomy":"product_tag","embeddable":true,"href":"https:\/\/www.animille.com\/de\/wp-json\/wp\/v2\/product_tag?post=49628"}],"curies":[{"name":"wp","href":"https:\/\/api.w.org\/{rel}","templated":true}]}}