{"id":49589,"date":"2025-12-31T20:48:43","date_gmt":"2025-12-31T18:48:43","guid":{"rendered":"https:\/\/www.animille.com\/produkt\/jelita-wolowe-2kg\/"},"modified":"2026-01-02T02:06:19","modified_gmt":"2026-01-02T00:06:19","slug":"jelita-wolowe-2kg","status":"publish","type":"product","link":"https:\/\/www.animille.com\/de\/produkt\/jelita-wolowe-2kg\/","title":{"rendered":"Jelita Wo\u0142owe 2kg"},"content":{"rendered":"<p>Ein schmackhafter und schonender Snack f\u00fcr Hunde jeder Gr\u00f6\u00dfe und jeden Alters. Es hat einen sehr hohen Proteingehalt, der sich positiv auf die Muskelfunktion auswirkt. Hervorragend geeignet f\u00fcr das Training oder als Belohnung. M\u00e4\u00dfig festes Produkt.<\/p>","protected":false},"excerpt":{"rendered":"<p>Ein schmackhafter und schonender Snack f\u00fcr Hunde jeder Gr\u00f6\u00dfe und jeden Alters. Es hat einen sehr hohen Proteingehalt, der sich positiv auf die Muskelfunktion auswirkt. Hervorragend geeignet f\u00fcr das Training oder als Belohnung. M\u00e4\u00dfig festes Produkt.<\/p>","protected":false},"featured_media":0,"comment_status":"open","ping_status":"closed","template":"","meta":{"_acf_changed":false},"product_brand":[],"product_cat":[1241,15],"product_tag":[],"class_list":{"0":"post-49589","1":"product","2":"type-product","3":"status-publish","5":"product_cat-wolowina","6":"product_cat-bez-kategorii","8":"first","9":"outofstock","10":"taxable","11":"shipping-taxable","12":"purchasable","13":"product-type-simple"},"acf":[],"_links":{"self":[{"href":"https:\/\/www.animille.com\/de\/wp-json\/wp\/v2\/product\/49589","targetHints":{"allow":["GET"]}}],"collection":[{"href":"https:\/\/www.animille.com\/de\/wp-json\/wp\/v2\/product"}],"about":[{"href":"https:\/\/www.animille.com\/de\/wp-json\/wp\/v2\/types\/product"}],"replies":[{"embeddable":true,"href":"https:\/\/www.animille.com\/de\/wp-json\/wp\/v2\/comments?post=49589"}],"wp:attachment":[{"href":"https:\/\/www.animille.com\/de\/wp-json\/wp\/v2\/media?parent=49589"}],"wp:term":[{"taxonomy":"product_brand","embeddable":true,"href":"https:\/\/www.animille.com\/de\/wp-json\/wp\/v2\/product_brand?post=49589"},{"taxonomy":"product_cat","embeddable":true,"href":"https:\/\/www.animille.com\/de\/wp-json\/wp\/v2\/product_cat?post=49589"},{"taxonomy":"product_tag","embeddable":true,"href":"https:\/\/www.animille.com\/de\/wp-json\/wp\/v2\/product_tag?post=49589"}],"curies":[{"name":"wp","href":"https:\/\/api.w.org\/{rel}","templated":true}]}}