{"id":49564,"date":"2025-12-31T20:48:22","date_gmt":"2025-12-31T18:48:22","guid":{"rendered":"https:\/\/www.animille.com\/produkt\/jelita-wieprzowe-500g\/"},"modified":"2026-03-16T11:25:12","modified_gmt":"2026-03-16T10:25:12","slug":"jelita-wieprzowe-500g","status":"publish","type":"product","link":"https:\/\/www.animille.com\/de\/produkt\/jelita-wieprzowe-500g\/","title":{"rendered":"Jelita Wieprzowe 500g"},"content":{"rendered":"<p>Ein sanfter Snack f\u00fcr kleine und mittelgro\u00dfe Hunde. Er ist weicher als Kausnacks aus Rinderdarm. Er hat einen hohen Proteingehalt, so dass er eine gute Erg\u00e4nzung zum Futter ist. Wir verpacken die getrockneten D\u00e4rme als Ganzes. Ein m\u00e4\u00dfig festes Produkt.<\/p>","protected":false},"excerpt":{"rendered":"<p>Ein sanfter Snack f\u00fcr kleine und mittelgro\u00dfe Hunde. Er ist weicher als Kausnacks aus Rinderdarm. Er hat einen hohen Proteingehalt, so dass er eine gute Erg\u00e4nzung zum Futter ist. Wir verpacken die getrockneten D\u00e4rme als Ganzes. Ein m\u00e4\u00dfig festes Produkt.<\/p>","protected":false},"featured_media":49557,"comment_status":"open","ping_status":"closed","template":"","meta":{"_acf_changed":false},"product_brand":[],"product_cat":[15,1242,1247],"product_tag":[],"class_list":{"0":"post-49564","1":"product","2":"type-product","3":"status-publish","4":"has-post-thumbnail","6":"product_cat-bez-kategorii","7":"product_cat-wieprzowina","8":"product_cat-wieprzowina-koty","10":"first","11":"instock","12":"taxable","13":"shipping-taxable","14":"purchasable","15":"product-type-simple"},"acf":[],"_links":{"self":[{"href":"https:\/\/www.animille.com\/de\/wp-json\/wp\/v2\/product\/49564","targetHints":{"allow":["GET"]}}],"collection":[{"href":"https:\/\/www.animille.com\/de\/wp-json\/wp\/v2\/product"}],"about":[{"href":"https:\/\/www.animille.com\/de\/wp-json\/wp\/v2\/types\/product"}],"replies":[{"embeddable":true,"href":"https:\/\/www.animille.com\/de\/wp-json\/wp\/v2\/comments?post=49564"}],"wp:featuredmedia":[{"embeddable":true,"href":"https:\/\/www.animille.com\/de\/wp-json\/wp\/v2\/media\/49557"}],"wp:attachment":[{"href":"https:\/\/www.animille.com\/de\/wp-json\/wp\/v2\/media?parent=49564"}],"wp:term":[{"taxonomy":"product_brand","embeddable":true,"href":"https:\/\/www.animille.com\/de\/wp-json\/wp\/v2\/product_brand?post=49564"},{"taxonomy":"product_cat","embeddable":true,"href":"https:\/\/www.animille.com\/de\/wp-json\/wp\/v2\/product_cat?post=49564"},{"taxonomy":"product_tag","embeddable":true,"href":"https:\/\/www.animille.com\/de\/wp-json\/wp\/v2\/product_tag?post=49564"}],"curies":[{"name":"wp","href":"https:\/\/api.w.org\/{rel}","templated":true}]}}