{"id":48505,"date":"2025-09-19T21:22:30","date_gmt":"2025-09-19T19:22:30","guid":{"rendered":"https:\/\/www.animille.com\/?page_id=48505"},"modified":"2025-12-12T07:31:55","modified_gmt":"2025-12-12T05:31:55","slug":"specjalista-e-commerce","status":"publish","type":"page","link":"https:\/\/www.animille.com\/de\/specjalista-e-commerce\/","title":{"rendered":"Spezialist f\u00fcr elektronischen Handel"},"content":{"rendered":"<div data-elementor-type=\"wp-page\" data-elementor-id=\"48505\" class=\"elementor elementor-48505\" data-elementor-post-type=\"page\">\n\t\t\t\t<div class=\"elementor-element elementor-element-2978385 e-flex e-con-boxed e-con e-parent\" data-id=\"2978385\" data-element_type=\"container\" data-settings=\"{&quot;background_background&quot;:&quot;classic&quot;,&quot;animation&quot;:&quot;none&quot;}\">\n\t\t\t\t\t<div class=\"e-con-inner\">\n\t\t\t\t<div class=\"elementor-element elementor-element-2b9a678 elementor-align-center elementor-mobile-align-center elementor-widget elementor-widget-button\" data-id=\"2b9a678\" data-element_type=\"widget\" data-widget_type=\"button.default\">\n\t\t\t\t\t\t\t\t\t\t<a class=\"elementor-button elementor-button-link elementor-size-sm\" href=\"https:\/\/www.animille.com\/de\/oferty-pracy\/\">\n\t\t\t\t\t\t<span class=\"elementor-button-content-wrapper\">\n\t\t\t\t\t\t\t\t\t<span class=\"elementor-button-text\">Zur\u00fcck zu den Stellenangeboten<\/span>\n\t\t\t\t\t<\/span>\n\t\t\t\t\t<\/a>\n\t\t\t\t\t\t\t\t<\/div>\n\t\t\t\t<div class=\"elementor-element elementor-element-741af24 heading-title-2 elementor-widget elementor-widget-heading\" data-id=\"741af24\" data-element_type=\"widget\" data-widget_type=\"heading.default\">\n\t\t\t\t\t<h1 class=\"elementor-heading-title elementor-size-default\">Spezialist f\u00fcr elektronischen Handel<\/h1>\t\t\t\t<\/div>\n\t\t\t\t<div class=\"elementor-element elementor-element-3f8340c elementor-widget elementor-widget-text-editor\" data-id=\"3f8340c\" data-element_type=\"widget\" data-widget_type=\"text-editor.default\">\n\t\t\t\t\t\t\t\t\t<p><span style=\"font-weight: 400;\">Wenn Sie ein dynamisches Arbeitsumfeld suchen, beziehungsorientiert und ehrgeizig sind, sich mit kreativen Aufgabenstellungen wohlf\u00fchlen und sich gerne neuen Herausforderungen stellen, dann suchen wir Sie!<\/span><\/p><p><span style=\"font-weight: 400;\">Animille - das sind nicht nur leckere Kauartikel und Leckerlis f\u00fcr unsere Haustiere, sondern vor allem die tiefgreifende Idee, unseren Haustieren das Beste zu geben. Wir sind ein Hersteller von nat\u00fcrlichen Kauartikeln und Leckerlis f\u00fcr Hunde und Katzen. Mit der Einf\u00fchrung neuer Produkte in unserem Sortiment erweitern wir unsere M\u00e4rkte auf europ\u00e4ische L\u00e4nder und den Nahen Osten. <\/span><span style=\"font-weight: 400;\"><br \/><\/span><span style=\"font-weight: 400;\">Warum bei uns mitmachen?<\/span><span style=\"font-weight: 400;\"><br \/><\/span><span style=\"font-weight: 400;\">Weil wir ehrgeizig sind, haben wir eine gro\u00dfartige Produktionsanlage und eine Menge Enthusiasmus, um hochwertige Leckereien f\u00fcr Haustiere und dar\u00fcber hinaus zu kreieren:)\u00a0<\/span><\/p><p><span style=\"font-weight: 400;\">F\u00fcr unser Team suchen wir:\u00a0<\/span><\/p><p><b>Spezialist f\u00fcr elektronischen Handel<\/b><\/p><p><span style=\"font-weight: 400;\">Ihre Aufgaben:\u00a0<\/span><\/p><ul><li style=\"font-weight: 400;\" aria-level=\"1\"><span style=\"font-weight: 400;\">Tworzeniem i realizacj\u0105 strategii dzia\u0142a\u0144 e-Commerce,<\/span><\/li><li style=\"font-weight: 400;\" aria-level=\"1\"><span style=\"font-weight: 400;\">Wprowadzanie oraz nadz\u00f3r nad sprzeda\u017c\u0105 przez platformy e-Commerce,\u00a0<\/span><\/li><li style=\"font-weight: 400;\" aria-level=\"1\"><span style=\"font-weight: 400;\">Poszukiwanie trend\u00f3w rynku zoologicznego w e-commerce<\/span><\/li><li style=\"font-weight: 400;\" aria-level=\"1\"><span style=\"font-weight: 400;\">Optymalizacja sklepu online pod konwersj\u0119 i wyznaczone trendy<\/span><\/li><li style=\"font-weight: 400;\" aria-level=\"1\"><span style=\"font-weight: 400;\">Opracowywaniem nowych rozwi\u0105za\u0144 i funkcjonalno\u015bci<\/span><\/li><li style=\"font-weight: 400;\" aria-level=\"1\"><span style=\"font-weight: 400;\">Bie\u017c\u0105ce monitorowanie sprzeda\u017cy oraz analiza wynik\u00f3w<\/span><\/li><li style=\"font-weight: 400;\" aria-level=\"1\"><span style=\"font-weight: 400;\">Wyznaczenie,\u00a0 realizacja i rozliczenie plan\u00f3w marketingowych<\/span><\/li><li style=\"font-weight: 400;\" aria-level=\"1\"><span style=\"font-weight: 400;\">Koordynowaniem procesu sprzeda\u017cy i realizacji zam\u00f3wie\u0144<\/span><\/li><li style=\"font-weight: 400;\" aria-level=\"1\"><span style=\"font-weight: 400;\">Zarz\u0105dzaniem ofert\u0105 sklepu na stronie internetowej firmy oraz na zewn\u0119trznych platformach sprzeda\u017cowych<\/span><\/li><li style=\"font-weight: 400;\" aria-level=\"1\"><span style=\"font-weight: 400;\">Wsp\u00f3\u0142prac\u0105 z dzia\u0142em marketingu, produkcji i sprzeda\u017cy<\/span><\/li><\/ul><p><span style=\"font-weight: 400;\">Unsere Anforderungen:\u00a0<\/span><\/p><ul><li style=\"font-weight: 400;\" aria-level=\"1\"><span style=\"font-weight: 400;\">2 lata do\u015bwiadczenia w e-commerce, najch\u0119tniej w bran\u017cy zoologicznej<\/span><\/li><li style=\"font-weight: 400;\" aria-level=\"1\"><span style=\"font-weight: 400;\">Znajomo\u015b\u0107 marketplace (\u00a0 Allegro, Amazon, e-Bay <\/span><span style=\"font-weight: 400;\">Etsy.com, Idealo.de, Rakuten.com, Real.de<\/span><\/li><li style=\"font-weight: 400;\" aria-level=\"1\"><span style=\"font-weight: 400;\">Kreativit\u00e4t und unkonventionelle Ideen<\/span><\/li><li style=\"font-weight: 400;\" aria-level=\"1\"><span style=\"font-weight: 400;\">Samodzielno\u015b\u0107 w dzia\u0142aniu i dba\u0142o\u015bci o szczeg\u00f3\u0142y;<\/span><\/li><li style=\"font-weight: 400;\" aria-level=\"1\"><span style=\"font-weight: 400;\">Znajomo\u015b\u0107 narz\u0119dzi Google AdWords, Google Analytics, FacebookAds, Ceneo,<\/span><\/li><li style=\"font-weight: 400;\" aria-level=\"1\"><span style=\"font-weight: 400;\">Znajomo\u015b\u0107 podstaw SEO\/SEM i WordPress.<\/span><\/li><li style=\"font-weight: 400;\" aria-level=\"1\"><span style=\"font-weight: 400;\">Englischkenntnisse mindestens auf B2-Niveau<\/span><\/li><\/ul><p><span style=\"font-weight: 400;\">Wir bieten unseren Mitarbeitern:\u00a0<\/span><\/p><ul><li style=\"font-weight: 400;\" aria-level=\"1\"><span style=\"font-weight: 400;\">Ein stabiler Arbeitsplatz und ein gut eingespieltes Team<\/span><\/li><li style=\"font-weight: 400;\" aria-level=\"1\"><span style=\"font-weight: 400;\">Besch\u00e4ftigung auf der Grundlage eines Arbeitsvertrags oder eines B2B-Vertrags<\/span><\/li><li style=\"font-weight: 400;\" aria-level=\"1\"><span style=\"font-weight: 400;\">Entwicklungsm\u00f6glichkeiten durch Teilnahme an Schulungen, Reisen zu Messen und Branchenkonferenzen\u00a0<\/span><\/li><li style=\"font-weight: 400;\" aria-level=\"1\"><span style=\"font-weight: 400;\">Prac\u0119 w pr\u0119\u017cnie rozwijaj\u0105cej si\u0119 firmie przy ciekawych i zr\u00f3\u017cnicowanych projektach<\/span><\/li><li style=\"font-weight: 400;\" aria-level=\"1\"><span style=\"font-weight: 400;\">Leckerer Kaffee aus der Espressomaschine<\/span><\/li><\/ul><p><span style=\"font-weight: 400;\">Bewerben Sie sich jetzt und kommen Sie in unser Team!\u00a0<\/span><\/p><p><span style=\"font-weight: 400;\">Bitte f\u00fcgen Sie Ihrem Lebenslauf eine Klausel hinzu:\u00a0<\/span><\/p><p><span style=\"font-weight: 400;\">Ich stimme der Verarbeitung meiner personenbezogenen Daten f\u00fcr die f\u00fcr das Einstellungsverfahren erforderlichen Zwecke zu (gem\u00e4\u00df dem Gesetz zum Schutz personenbezogener Daten vom 10. Mai 2018 (GBl. 2018, Nr. 1000) und gem\u00e4\u00df der Verordnung (EU) 2016\/679 des Europ\u00e4ischen Parlaments und des Rates vom 27. April 2016 zum Schutz nat\u00fcrlicher Personen bei der Verarbeitung personenbezogener Daten, zum freien Datenverkehr und zur Aufhebung der Richtlinie 95\/46\/EG (RODO)).<\/span><\/p>\t\t\t\t\t\t\t\t<\/div>\n\t\t\t\t<div class=\"elementor-element elementor-element-334cc4f elementor-align-center elementor-widget elementor-widget-button\" data-id=\"334cc4f\" data-element_type=\"widget\" data-widget_type=\"button.default\">\n\t\t\t\t\t\t\t\t\t\t<a class=\"elementor-button elementor-button-link elementor-size-sm\" href=\"mailto:office@animille.com\">\n\t\t\t\t\t\t<span class=\"elementor-button-content-wrapper\">\n\t\t\t\t\t\t\t\t\t<span class=\"elementor-button-text\">Jetzt bewerben!<\/span>\n\t\t\t\t\t<\/span>\n\t\t\t\t\t<\/a>\n\t\t\t\t\t\t\t\t<\/div>\n\t\t\t\t\t<\/div>\n\t\t\t\t<\/div>\n\t\t\t\t<\/div>","protected":false},"excerpt":{"rendered":"<p>Wr\u00f3\u0107 do ofert pracy Je\u015bli szukasz dynamicznego \u015brodowiska pracy i jeste\u015b zorientowany na relacje, ambitny, dobrze si\u0119 odnajdujesz w kreatywnych zadaniach oraz lubisz podejmowa\u0107 nowe wyzwania\u00a0 &#8211; szukamy w\u0142a\u015bnie Ciebie! Animille \u2013 to nie tylko pyszne gryzaki i smako\u0142yki dla naszych domowych pupili, ale przede wszystkim g\u0142\u0119boka idea, by dawa\u0107 naszym zwierzakom to, co jest [&hellip;]<\/p>","protected":false},"author":1,"featured_media":0,"parent":0,"menu_order":0,"comment_status":"closed","ping_status":"closed","template":"","meta":{"_acf_changed":false,"footnotes":""},"class_list":["post-48505","page","type-page","status-publish","hentry"],"acf":[],"_links":{"self":[{"href":"https:\/\/www.animille.com\/de\/wp-json\/wp\/v2\/pages\/48505","targetHints":{"allow":["GET"]}}],"collection":[{"href":"https:\/\/www.animille.com\/de\/wp-json\/wp\/v2\/pages"}],"about":[{"href":"https:\/\/www.animille.com\/de\/wp-json\/wp\/v2\/types\/page"}],"author":[{"embeddable":true,"href":"https:\/\/www.animille.com\/de\/wp-json\/wp\/v2\/users\/1"}],"replies":[{"embeddable":true,"href":"https:\/\/www.animille.com\/de\/wp-json\/wp\/v2\/comments?post=48505"}],"version-history":[{"count":0,"href":"https:\/\/www.animille.com\/de\/wp-json\/wp\/v2\/pages\/48505\/revisions"}],"wp:attachment":[{"href":"https:\/\/www.animille.com\/de\/wp-json\/wp\/v2\/media?parent=48505"}],"curies":[{"name":"wp","href":"https:\/\/api.w.org\/{rel}","templated":true}]}}