{"id":48504,"date":"2025-09-19T21:22:21","date_gmt":"2025-09-19T19:22:21","guid":{"rendered":"https:\/\/www.animille.com\/?page_id=48504"},"modified":"2025-12-12T07:31:59","modified_gmt":"2025-12-12T05:31:59","slug":"new-account-manager","status":"publish","type":"page","link":"https:\/\/www.animille.com\/de\/new-account-manager\/","title":{"rendered":"Neuer Kundenbetreuer"},"content":{"rendered":"<div data-elementor-type=\"wp-page\" data-elementor-id=\"48504\" class=\"elementor elementor-48504\" data-elementor-post-type=\"page\">\n\t\t\t\t<div class=\"elementor-element elementor-element-dbb6aa5 e-flex e-con-boxed e-con e-parent\" data-id=\"dbb6aa5\" data-element_type=\"container\" data-settings=\"{&quot;background_background&quot;:&quot;classic&quot;,&quot;animation&quot;:&quot;none&quot;}\">\n\t\t\t\t\t<div class=\"e-con-inner\">\n\t\t\t\t<div class=\"elementor-element elementor-element-4575b62 elementor-align-center elementor-mobile-align-center elementor-widget elementor-widget-button\" data-id=\"4575b62\" data-element_type=\"widget\" data-widget_type=\"button.default\">\n\t\t\t\t\t\t\t\t\t\t<a class=\"elementor-button elementor-button-link elementor-size-sm\" href=\"https:\/\/www.animille.com\/de\/oferty-pracy\/\">\n\t\t\t\t\t\t<span class=\"elementor-button-content-wrapper\">\n\t\t\t\t\t\t\t\t\t<span class=\"elementor-button-text\">Zur\u00fcck zu den Stellenangeboten<\/span>\n\t\t\t\t\t<\/span>\n\t\t\t\t\t<\/a>\n\t\t\t\t\t\t\t\t<\/div>\n\t\t\t\t<div class=\"elementor-element elementor-element-863cce7 heading-title-2 elementor-widget elementor-widget-heading\" data-id=\"863cce7\" data-element_type=\"widget\" data-widget_type=\"heading.default\">\n\t\t\t\t\t<h1 class=\"elementor-heading-title elementor-size-default\">Neuer Kundenbetreuer<\/h1>\t\t\t\t<\/div>\n\t\t\t\t<div class=\"elementor-element elementor-element-05ac66b elementor-widget elementor-widget-text-editor\" data-id=\"05ac66b\" data-element_type=\"widget\" data-widget_type=\"text-editor.default\">\n\t\t\t\t\t\t\t\t\t<p><span style=\"font-weight: 400;\">Wenn Sie ein dynamisches Arbeitsumfeld suchen, beziehungsorientiert und ehrgeizig sind, sich mit kreativen Aufgabenstellungen wohlf\u00fchlen und sich gerne neuen Herausforderungen stellen, dann suchen wir Sie!<\/span><\/p><p><span style=\"font-weight: 400;\">Animille - das sind nicht nur leckere Kauartikel und Leckerlis f\u00fcr unsere Haustiere, sondern vor allem die tiefgreifende Idee, unseren Haustieren das Beste zu geben. Wir sind ein Hersteller von nat\u00fcrlichen Kauartikeln und Leckerlis f\u00fcr Hunde und Katzen. Mit der Einf\u00fchrung neuer Produkte in unserem Sortiment erweitern wir unsere M\u00e4rkte auf europ\u00e4ische L\u00e4nder und den Nahen Osten. <\/span><span style=\"font-weight: 400;\"><br \/><\/span><span style=\"font-weight: 400;\">Warum bei uns mitmachen?<\/span><span style=\"font-weight: 400;\"><br \/><\/span><span style=\"font-weight: 400;\">Weil wir ehrgeizig sind, haben wir eine gro\u00dfartige Produktionsanlage und eine Menge Enthusiasmus, um hochwertige Leckereien f\u00fcr Haustiere und dar\u00fcber hinaus zu kreieren:)\u00a0<\/span><\/p><p><span style=\"font-weight: 400;\">F\u00fcr unser Team suchen wir:\u00a0<\/span><\/p><p><b>Neuer Kundenbetreuer<\/b><\/p><p><span style=\"font-weight: 400;\">Ihre Aufgaben:\u00a0<\/span><\/p><ul><li style=\"font-weight: 400;\" aria-level=\"1\"><span style=\"font-weight: 400;\">Aktive Akquisition von Neukunden in Polen und im Ausland<\/span><\/li><li style=\"font-weight: 400;\" aria-level=\"1\"><span style=\"font-weight: 400;\">Verwaltung der Zusammenarbeit und Aufbau langfristiger Gesch\u00e4ftsbeziehungen mit wichtigen Kunden<\/span><\/li><li style=\"font-weight: 400;\" aria-level=\"1\"><span style=\"font-weight: 400;\">Entwicklung von Werbekampagnen in Zusammenarbeit mit der Marketingabteilung<\/span><\/li><li style=\"font-weight: 400;\" aria-level=\"1\"><span style=\"font-weight: 400;\">Zusammenarbeit mit der Verkaufs- und Produktionsabteilung bei der Ausarbeitung einer Strategie zur Verkaufsentwicklung\u00a0<\/span><\/li><li style=\"font-weight: 400;\" aria-level=\"1\"><span style=\"font-weight: 400;\">Umfassende Kundenbetreuung<\/span><\/li><li style=\"font-weight: 400;\" aria-level=\"1\"><span style=\"font-weight: 400;\">Zusammenarbeit mit anderen Abteilungen des Unternehmens bei der Einf\u00fchrung neuer Produkte<\/span><\/li><li style=\"font-weight: 400;\" aria-level=\"1\"><span style=\"font-weight: 400;\">Erforschung der Trends auf dem Heimtiermarkt in Polen und Europa<\/span><\/li><\/ul><p><span style=\"font-weight: 400;\">Unsere Anforderungen:\u00a0<\/span><\/p><ul><li style=\"font-weight: 400;\" aria-level=\"1\"><span style=\"font-weight: 400;\">Erfahrung im Selbstmanagement von B2B-Kundenbeziehungen in der FMCG-, Lebensmittel- und Verarbeitungsindustrie\u00a0<\/span><\/li><li style=\"font-weight: 400;\" aria-level=\"1\"><span style=\"font-weight: 400;\">Kenntnisse der Heimtierbedarfsbranche und Erfahrung in der Zusammenarbeit mit ausl\u00e4ndischen Kunden sind willkommen<\/span><\/li><li style=\"font-weight: 400;\" aria-level=\"1\"><span style=\"font-weight: 400;\">F\u00e4higkeit, mit MS Excel und Power Point zu arbeiten<\/span><\/li><li style=\"font-weight: 400;\" aria-level=\"1\"><span style=\"font-weight: 400;\">Ausgepr\u00e4gtes Verkaufs- und Verhandlungsgeschick<\/span><\/li><li style=\"font-weight: 400;\" aria-level=\"1\"><span style=\"font-weight: 400;\">Engagement und Unabh\u00e4ngigkeit bei der Wahrnehmung der Aufgaben<\/span><\/li><li style=\"font-weight: 400;\" aria-level=\"1\"><span style=\"font-weight: 400;\">Kreativit\u00e4t und unkonventionelle Ideen<\/span><\/li><li style=\"font-weight: 400;\" aria-level=\"1\"><span style=\"font-weight: 400;\">Selbst\u00e4ndigkeit im Handeln und Liebe zum Detail<\/span><\/li><li style=\"font-weight: 400;\" aria-level=\"1\"><span style=\"font-weight: 400;\">Englischkenntnisse mindestens auf B2-Niveau<\/span><\/li><li style=\"font-weight: 400;\" aria-level=\"1\"><span style=\"font-weight: 400;\">Zus\u00e4tzliche Sprache (Deutsch, Franz\u00f6sisch, Italienisch w\u00e4re von Vorteil)\u00a0<\/span><\/li><\/ul><p><span style=\"font-weight: 400;\">Wir bieten unseren Mitarbeitern:\u00a0<\/span><\/p><ul><li style=\"font-weight: 400;\" aria-level=\"1\"><span style=\"font-weight: 400;\">Besch\u00e4ftigung auf der Grundlage eines Arbeitsvertrags oder eines B2B-Vertrags<\/span><\/li><li style=\"font-weight: 400;\" aria-level=\"1\"><span style=\"font-weight: 400;\">Zus\u00e4tzliche Verkaufspr\u00e4mien<\/span><\/li><li style=\"font-weight: 400;\" aria-level=\"1\"><span style=\"font-weight: 400;\">Ein stabiler Arbeitsplatz und ein gut eingespieltes Team<\/span><\/li><li style=\"font-weight: 400;\" aria-level=\"1\"><span style=\"font-weight: 400;\">Hohe Organisationskultur<\/span><\/li><li style=\"font-weight: 400;\" aria-level=\"1\"><span style=\"font-weight: 400;\">Entwicklungsm\u00f6glichkeiten durch Teilnahme an Schulungen, Reisen zu Messen und Branchenkonferenzen\u00a0<\/span><\/li><li style=\"font-weight: 400;\" aria-level=\"1\"><span style=\"font-weight: 400;\">Arbeit in einem schnell wachsenden Unternehmen mit interessanten und abwechslungsreichen Projekten mit europ\u00e4ischer Ausrichtung<\/span><\/li><li style=\"font-weight: 400;\" aria-level=\"1\"><span style=\"font-weight: 400;\">Leckerer Kaffee aus der Espressomaschine<\/span><\/li><li style=\"font-weight: 400;\" aria-level=\"1\"><span style=\"font-weight: 400;\">Unverzichtbare Arbeitsmittel,<\/span><\/li><li style=\"font-weight: 400;\" aria-level=\"1\"><span style=\"font-weight: 400;\">Arbeiten in einem gemischten System (B\u00fcro- und Fernarbeit) <\/span><\/li><\/ul><p><span style=\"font-weight: 400;\">Bewerben Sie sich jetzt und kommen Sie in unser Team!\u00a0<\/span><\/p><p><span style=\"font-weight: 400;\">Bitte f\u00fcgen Sie Ihrem Lebenslauf eine Klausel hinzu:\u00a0<\/span><\/p><p><span style=\"font-weight: 400;\">Ich stimme der Verarbeitung meiner personenbezogenen Daten f\u00fcr die f\u00fcr das Einstellungsverfahren erforderlichen Zwecke zu (gem\u00e4\u00df dem Gesetz zum Schutz personenbezogener Daten vom 10. Mai 2018 (GBl. 2018, Nr. 1000) und gem\u00e4\u00df der Verordnung (EU) 2016\/679 des Europ\u00e4ischen Parlaments und des Rates vom 27. April 2016 zum Schutz nat\u00fcrlicher Personen bei der Verarbeitung personenbezogener Daten, zum freien Datenverkehr und zur Aufhebung der Richtlinie 95\/46\/EG (RODO)).<\/span><\/p>\t\t\t\t\t\t\t\t<\/div>\n\t\t\t\t<div class=\"elementor-element elementor-element-589805b elementor-align-center elementor-widget elementor-widget-button\" data-id=\"589805b\" data-element_type=\"widget\" data-widget_type=\"button.default\">\n\t\t\t\t\t\t\t\t\t\t<a class=\"elementor-button elementor-button-link elementor-size-sm\" href=\"mailto:office@animille.com\">\n\t\t\t\t\t\t<span class=\"elementor-button-content-wrapper\">\n\t\t\t\t\t\t\t\t\t<span class=\"elementor-button-text\">Jetzt bewerben!<\/span>\n\t\t\t\t\t<\/span>\n\t\t\t\t\t<\/a>\n\t\t\t\t\t\t\t\t<\/div>\n\t\t\t\t\t<\/div>\n\t\t\t\t<\/div>\n\t\t\t\t<\/div>","protected":false},"excerpt":{"rendered":"<p>Wr\u00f3\u0107 do ofert pracy Je\u015bli szukasz dynamicznego \u015brodowiska pracy i jeste\u015b zorientowany na relacje, ambitny, dobrze si\u0119 odnajdujesz w kreatywnych zadaniach oraz lubisz podejmowa\u0107 nowe wyzwania\u00a0 &#8211; szukamy w\u0142a\u015bnie Ciebie! Animille \u2013 to nie tylko pyszne gryzaki i smako\u0142yki dla naszych domowych pupili, ale przede wszystkim g\u0142\u0119boka idea, by dawa\u0107 naszym zwierzakom to, co jest [&hellip;]<\/p>","protected":false},"author":1,"featured_media":0,"parent":0,"menu_order":0,"comment_status":"closed","ping_status":"closed","template":"","meta":{"_acf_changed":false,"footnotes":""},"class_list":["post-48504","page","type-page","status-publish","hentry"],"acf":[],"_links":{"self":[{"href":"https:\/\/www.animille.com\/de\/wp-json\/wp\/v2\/pages\/48504","targetHints":{"allow":["GET"]}}],"collection":[{"href":"https:\/\/www.animille.com\/de\/wp-json\/wp\/v2\/pages"}],"about":[{"href":"https:\/\/www.animille.com\/de\/wp-json\/wp\/v2\/types\/page"}],"author":[{"embeddable":true,"href":"https:\/\/www.animille.com\/de\/wp-json\/wp\/v2\/users\/1"}],"replies":[{"embeddable":true,"href":"https:\/\/www.animille.com\/de\/wp-json\/wp\/v2\/comments?post=48504"}],"version-history":[{"count":0,"href":"https:\/\/www.animille.com\/de\/wp-json\/wp\/v2\/pages\/48504\/revisions"}],"wp:attachment":[{"href":"https:\/\/www.animille.com\/de\/wp-json\/wp\/v2\/media?parent=48504"}],"curies":[{"name":"wp","href":"https:\/\/api.w.org\/{rel}","templated":true}]}}