{"id":48483,"date":"2025-09-19T21:02:42","date_gmt":"2025-09-19T19:02:42","guid":{"rendered":"https:\/\/www.animille.com\/?page_id=48483"},"modified":"2025-12-12T02:09:09","modified_gmt":"2025-12-12T00:09:09","slug":"oferty-pracy","status":"publish","type":"page","link":"https:\/\/www.animille.com\/de\/oferty-pracy\/","title":{"rendered":"Arbeitsm\u00f6glichkeiten"},"content":{"rendered":"<div data-elementor-type=\"wp-page\" data-elementor-id=\"48483\" class=\"elementor elementor-48483\" data-elementor-post-type=\"page\">\n\t\t\t\t<div class=\"elementor-element elementor-element-3896b95 e-flex e-con-boxed e-con e-parent\" data-id=\"3896b95\" data-element_type=\"container\" data-settings=\"{&quot;background_background&quot;:&quot;classic&quot;}\">\n\t\t\t\t\t<div class=\"e-con-inner\">\n\t\t<div class=\"elementor-element elementor-element-d74b031 e-flex e-con-boxed e-con e-child\" data-id=\"d74b031\" data-element_type=\"container\" data-settings=\"{&quot;background_background&quot;:&quot;classic&quot;}\">\n\t\t\t\t\t<div class=\"e-con-inner\">\n\t\t<div class=\"elementor-element elementor-element-83a81ad e-flex e-con-boxed e-con e-child\" data-id=\"83a81ad\" data-element_type=\"container\">\n\t\t\t\t\t<div class=\"e-con-inner\">\n\t\t\t\t<div class=\"elementor-element elementor-element-6238626 elementor-view-default elementor-widget elementor-widget-icon\" data-id=\"6238626\" data-element_type=\"widget\" data-widget_type=\"icon.default\">\n\t\t\t\t\t\t\t<div class=\"elementor-icon-wrapper\">\n\t\t\t<div class=\"elementor-icon\">\n\t\t\t<svg aria-hidden=\"true\" class=\"e-font-icon-svg e-fas-paw\" viewbox=\"0 0 512 512\" xmlns=\"http:\/\/www.w3.org\/2000\/svg\"><path d=\"M256 224c-79.41 0-192 122.76-192 200.25 0 34.9 26.81 55.75 71.74 55.75 48.84 0 81.09-25.08 120.26-25.08 39.51 0 71.85 25.08 120.26 25.08 44.93 0 71.74-20.85 71.74-55.75C448 346.76 335.41 224 256 224zm-147.28-12.61c-10.4-34.65-42.44-57.09-71.56-50.13-29.12 6.96-44.29 40.69-33.89 75.34 10.4 34.65 42.44 57.09 71.56 50.13 29.12-6.96 44.29-40.69 33.89-75.34zm84.72-20.78c30.94-8.14 46.42-49.94 34.58-93.36s-46.52-72.01-77.46-63.87-46.42 49.94-34.58 93.36c11.84 43.42 46.53 72.02 77.46 63.87zm281.39-29.34c-29.12-6.96-61.15 15.48-71.56 50.13-10.4 34.65 4.77 68.38 33.89 75.34 29.12 6.96 61.15-15.48 71.56-50.13 10.4-34.65-4.77-68.38-33.89-75.34zm-156.27 29.34c30.94 8.14 65.62-20.45 77.46-63.87 11.84-43.42-3.64-85.21-34.58-93.36s-65.62 20.45-77.46 63.87c-11.84 43.42 3.64 85.22 34.58 93.36z\"><\/path><\/svg>\t\t\t<\/div>\n\t\t<\/div>\n\t\t\t\t\t\t<\/div>\n\t\t\t\t<div class=\"elementor-element elementor-element-15931be elementor-widget elementor-widget-heading\" data-id=\"15931be\" data-element_type=\"widget\" data-widget_type=\"heading.default\">\n\t\t\t\t\t<h1 class=\"elementor-heading-title elementor-size-default\">Werden Sie Mitglied des Animille-Teams<\/h1>\t\t\t\t<\/div>\n\t\t\t\t<div class=\"elementor-element elementor-element-734db60 elementor-widget elementor-widget-text-editor\" data-id=\"734db60\" data-element_type=\"widget\" data-widget_type=\"text-editor.default\">\n\t\t\t\t\t\t\t\t\t<p class=\"p1\">Wir suchen leidenschaftliche Tierliebhaber und Menschen, die nat\u00fcrliche Leckereien f\u00fcr Haustiere herstellen wollen. Informieren Sie sich \u00fcber unsere aktuellen Stellenausschreibungen und wachsen Sie mit uns.<\/p>\t\t\t\t\t\t\t\t<\/div>\n\t\t\t\t\t<\/div>\n\t\t\t\t<\/div>\n\t\t\t\t\t<\/div>\n\t\t\t\t<\/div>\n\t\t\t\t\t<\/div>\n\t\t\t\t<\/div>\n\t\t<div class=\"elementor-element elementor-element-06f0b3b e-flex e-con-boxed e-con e-parent\" data-id=\"06f0b3b\" data-element_type=\"container\" data-settings=\"{&quot;background_background&quot;:&quot;classic&quot;,&quot;animation&quot;:&quot;none&quot;}\">\n\t\t\t\t\t<div class=\"e-con-inner\">\n\t\t<div class=\"elementor-element elementor-element-e88d3cb e-flex e-con-boxed e-con e-child\" data-id=\"e88d3cb\" data-element_type=\"container\" data-settings=\"{&quot;background_background&quot;:&quot;classic&quot;,&quot;animation&quot;:&quot;none&quot;}\">\n\t\t\t\t\t<div class=\"e-con-inner\">\n\t\t<div class=\"elementor-element elementor-element-412a895 e-con-full e-flex e-con e-child\" data-id=\"412a895\" data-element_type=\"container\">\n\t\t<div class=\"elementor-element elementor-element-0057015 e-con-full e-flex e-con e-child\" data-id=\"0057015\" data-element_type=\"container\">\n\t\t\t\t<div class=\"elementor-element elementor-element-e816355 elementor-widget elementor-widget-image\" data-id=\"e816355\" data-element_type=\"widget\" data-widget_type=\"image.default\">\n\t\t\t\t\t\t\t\t\t\t\t\t\t\t\t<img fetchpriority=\"high\" decoding=\"async\" width=\"800\" height=\"534\" src=\"https:\/\/www.animille.com\/wp-content\/uploads\/2025\/03\/pies2-1024x683.jpg\" class=\"attachment-large size-large wp-image-48110\" alt=\"\" srcset=\"https:\/\/www.animille.com\/wp-content\/uploads\/2025\/03\/pies2-1024x683.jpg 1024w, https:\/\/www.animille.com\/wp-content\/uploads\/2025\/03\/pies2-300x200.jpg 300w, https:\/\/www.animille.com\/wp-content\/uploads\/2025\/03\/pies2-768x512.jpg 768w, https:\/\/www.animille.com\/wp-content\/uploads\/2025\/03\/pies2-1536x1024.jpg 1536w, https:\/\/www.animille.com\/wp-content\/uploads\/2025\/03\/pies2-2048x1365.jpg 2048w, https:\/\/www.animille.com\/wp-content\/uploads\/2025\/03\/pies2-400x267.jpg 400w, https:\/\/www.animille.com\/wp-content\/uploads\/2025\/03\/pies2-1400x933.jpg 1400w, https:\/\/www.animille.com\/wp-content\/uploads\/2025\/03\/pies2-64x43.jpg 64w, https:\/\/www.animille.com\/wp-content\/uploads\/2025\/03\/pies2-scaled.jpg 1920w\" sizes=\"(max-width: 800px) 100vw, 800px\" \/>\t\t\t\t\t\t\t\t\t\t\t\t\t\t\t<\/div>\n\t\t\t\t<\/div>\n\t\t<div class=\"elementor-element elementor-element-0b647dc e-con-full e-flex e-con e-child\" data-id=\"0b647dc\" data-element_type=\"container\">\n\t\t\t\t<div class=\"elementor-element elementor-element-5de39d7 elementor-widget elementor-widget-image\" data-id=\"5de39d7\" data-element_type=\"widget\" data-widget_type=\"image.default\">\n\t\t\t\t\t\t\t\t\t\t\t\t\t\t\t<img decoding=\"async\" width=\"684\" height=\"1024\" src=\"https:\/\/www.animille.com\/wp-content\/uploads\/2025\/03\/pies15-684x1024.jpg\" class=\"attachment-large size-large wp-image-48124\" alt=\"\" srcset=\"https:\/\/www.animille.com\/wp-content\/uploads\/2025\/03\/pies15-684x1024.jpg 684w, https:\/\/www.animille.com\/wp-content\/uploads\/2025\/03\/pies15-200x300.jpg 200w, https:\/\/www.animille.com\/wp-content\/uploads\/2025\/03\/pies15-768x1150.jpg 768w, https:\/\/www.animille.com\/wp-content\/uploads\/2025\/03\/pies15-1025x1536.jpg 1025w, https:\/\/www.animille.com\/wp-content\/uploads\/2025\/03\/pies15-1367x2048.jpg 1367w, https:\/\/www.animille.com\/wp-content\/uploads\/2025\/03\/pies15-400x599.jpg 400w, https:\/\/www.animille.com\/wp-content\/uploads\/2025\/03\/pies15-1400x2097.jpg 1400w, https:\/\/www.animille.com\/wp-content\/uploads\/2025\/03\/pies15-64x96.jpg 64w, https:\/\/www.animille.com\/wp-content\/uploads\/2025\/03\/pies15-scaled.jpg 1282w\" sizes=\"(max-width: 684px) 100vw, 684px\" \/>\t\t\t\t\t\t\t\t\t\t\t\t\t\t\t<\/div>\n\t\t\t\t<\/div>\n\t\t\t\t<div class=\"elementor-element elementor-element-18b1955 elementor-absolute elementor-hidden-tablet elementor-hidden-mobile elementor-view-default elementor-widget elementor-widget-icon\" data-id=\"18b1955\" data-element_type=\"widget\" data-settings=\"{&quot;_position&quot;:&quot;absolute&quot;}\" data-widget_type=\"icon.default\">\n\t\t\t\t\t\t\t<div class=\"elementor-icon-wrapper\">\n\t\t\t<div class=\"elementor-icon\">\n\t\t\t<svg aria-hidden=\"true\" class=\"e-font-icon-svg e-fas-paw\" viewbox=\"0 0 512 512\" xmlns=\"http:\/\/www.w3.org\/2000\/svg\"><path d=\"M256 224c-79.41 0-192 122.76-192 200.25 0 34.9 26.81 55.75 71.74 55.75 48.84 0 81.09-25.08 120.26-25.08 39.51 0 71.85 25.08 120.26 25.08 44.93 0 71.74-20.85 71.74-55.75C448 346.76 335.41 224 256 224zm-147.28-12.61c-10.4-34.65-42.44-57.09-71.56-50.13-29.12 6.96-44.29 40.69-33.89 75.34 10.4 34.65 42.44 57.09 71.56 50.13 29.12-6.96 44.29-40.69 33.89-75.34zm84.72-20.78c30.94-8.14 46.42-49.94 34.58-93.36s-46.52-72.01-77.46-63.87-46.42 49.94-34.58 93.36c11.84 43.42 46.53 72.02 77.46 63.87zm281.39-29.34c-29.12-6.96-61.15 15.48-71.56 50.13-10.4 34.65 4.77 68.38 33.89 75.34 29.12 6.96 61.15-15.48 71.56-50.13 10.4-34.65-4.77-68.38-33.89-75.34zm-156.27 29.34c30.94 8.14 65.62-20.45 77.46-63.87 11.84-43.42-3.64-85.21-34.58-93.36s-65.62 20.45-77.46 63.87c-11.84 43.42 3.64 85.22 34.58 93.36z\"><\/path><\/svg>\t\t\t<\/div>\n\t\t<\/div>\n\t\t\t\t\t\t<\/div>\n\t\t\t\t<\/div>\n\t\t<div class=\"elementor-element elementor-element-4ffada3 e-con-full e-flex e-con e-child\" data-id=\"4ffada3\" data-element_type=\"container\">\n\t\t\t\t<div class=\"elementor-element elementor-element-4ed2f4b heading-title-2 elementor-widget elementor-widget-heading\" data-id=\"4ed2f4b\" data-element_type=\"widget\" data-widget_type=\"heading.default\">\n\t\t\t\t\t<h2 class=\"elementor-heading-title elementor-size-default\">Warum bei uns mitmachen?<\/h2>\t\t\t\t<\/div>\n\t\t\t\t<div class=\"elementor-element elementor-element-4f07589 elementor-widget elementor-widget-text-editor\" data-id=\"4f07589\" data-element_type=\"widget\" data-widget_type=\"text-editor.default\">\n\t\t\t\t\t\t\t\t\t<p>Wir sind ein Hersteller von nat\u00fcrlichen Kauartikeln und Leckerlis f\u00fcr Hunde und Katzen. Mit der Einf\u00fchrung neuer Produkte in unserem Sortiment erweitern wir unsere M\u00e4rkte auf europ\u00e4ische L\u00e4nder und den Nahen Osten. Wir sind ehrgeizig, haben eine gro\u00dfartige Produktionsanlage und viel Enthusiasmus, um qualitativ hochwertige Leckerbissen f\u00fcr Haustiere und dar\u00fcber hinaus herzustellen.<\/p>\t\t\t\t\t\t\t\t<\/div>\n\t\t<div class=\"elementor-element elementor-element-a65e5f5 e-con-full e-flex e-con e-child\" data-id=\"a65e5f5\" data-element_type=\"container\">\n\t\t<div class=\"elementor-element elementor-element-f981e8d e-con-full e-flex e-con e-child\" data-id=\"f981e8d\" data-element_type=\"container\">\n\t\t\t\t<div class=\"elementor-element elementor-element-4178bc8 elementor-align-justify elementor-widget elementor-widget-button\" data-id=\"4178bc8\" data-element_type=\"widget\" data-widget_type=\"button.default\">\n\t\t\t\t\t\t\t\t\t\t<a class=\"elementor-button elementor-button-link elementor-size-sm\" href=\"https:\/\/www.animille.com\/de\/new-account-manager\/\">\n\t\t\t\t\t\t<span class=\"elementor-button-content-wrapper\">\n\t\t\t\t\t\t\t\t\t<span class=\"elementor-button-text\">Neuer Kundenbetreuer<\/span>\n\t\t\t\t\t<\/span>\n\t\t\t\t\t<\/a>\n\t\t\t\t\t\t\t\t<\/div>\n\t\t\t\t<\/div>\n\t\t\t\t<\/div>\n\t\t<div class=\"elementor-element elementor-element-af7b078 e-con-full e-flex e-con e-child\" data-id=\"af7b078\" data-element_type=\"container\">\n\t\t<div class=\"elementor-element elementor-element-e0f6257 e-con-full e-flex e-con e-child\" data-id=\"e0f6257\" data-element_type=\"container\">\n\t\t\t\t<div class=\"elementor-element elementor-element-666eca5 elementor-align-justify elementor-widget elementor-widget-button\" data-id=\"666eca5\" data-element_type=\"widget\" data-widget_type=\"button.default\">\n\t\t\t\t\t\t\t\t\t\t<a class=\"elementor-button elementor-button-link elementor-size-sm\" href=\"https:\/\/www.animille.com\/de\/specjalista-e-commerce\/\">\n\t\t\t\t\t\t<span class=\"elementor-button-content-wrapper\">\n\t\t\t\t\t\t\t\t\t<span class=\"elementor-button-text\">Spezialist f\u00fcr elektronischen Handel<\/span>\n\t\t\t\t\t<\/span>\n\t\t\t\t\t<\/a>\n\t\t\t\t\t\t\t\t<\/div>\n\t\t\t\t<\/div>\n\t\t\t\t<\/div>\n\t\t\t\t<\/div>\n\t\t\t\t\t<\/div>\n\t\t\t\t<\/div>\n\t\t\t\t\t<\/div>\n\t\t\t\t<\/div>\n\t\t<div class=\"elementor-element elementor-element-7576b2d e-flex e-con-boxed e-con e-parent\" data-id=\"7576b2d\" data-element_type=\"container\" data-settings=\"{&quot;background_background&quot;:&quot;classic&quot;}\">\n\t\t\t\t\t<div class=\"e-con-inner\">\n\t\t<div class=\"elementor-element elementor-element-b996464 e-con-full e-flex e-con e-child\" data-id=\"b996464\" data-element_type=\"container\">\n\t\t<div class=\"elementor-element elementor-element-893e7e8 e-con-full e-flex e-con e-child\" data-id=\"893e7e8\" data-element_type=\"container\">\n\t\t\t\t<div class=\"elementor-element elementor-element-0af42c7 heading-title-2 elementor-widget elementor-widget-heading\" data-id=\"0af42c7\" data-element_type=\"widget\" data-widget_type=\"heading.default\">\n\t\t\t\t\t<p class=\"elementor-heading-title elementor-size-default\">Bitte f\u00fcgen Sie jedem Lebenslauf eine Klausel hinzu:<\/p>\t\t\t\t<\/div>\n\t\t<div class=\"elementor-element elementor-element-035af1f e-con-full e-flex e-con e-child\" data-id=\"035af1f\" data-element_type=\"container\">\n\t\t\t\t<div class=\"elementor-element elementor-element-66ccf65 elementor-view-default elementor-widget elementor-widget-icon\" data-id=\"66ccf65\" data-element_type=\"widget\" data-widget_type=\"icon.default\">\n\t\t\t\t\t\t\t<div class=\"elementor-icon-wrapper\">\n\t\t\t<div class=\"elementor-icon\">\n\t\t\t<svg aria-hidden=\"true\" class=\"e-font-icon-svg e-fas-quote-left\" viewbox=\"0 0 512 512\" xmlns=\"http:\/\/www.w3.org\/2000\/svg\"><path d=\"M464 256h-80v-64c0-35.3 28.7-64 64-64h8c13.3 0 24-10.7 24-24V56c0-13.3-10.7-24-24-24h-8c-88.4 0-160 71.6-160 160v240c0 26.5 21.5 48 48 48h128c26.5 0 48-21.5 48-48V304c0-26.5-21.5-48-48-48zm-288 0H96v-64c0-35.3 28.7-64 64-64h8c13.3 0 24-10.7 24-24V56c0-13.3-10.7-24-24-24h-8C71.6 32 0 103.6 0 192v240c0 26.5 21.5 48 48 48h128c26.5 0 48-21.5 48-48V304c0-26.5-21.5-48-48-48z\"><\/path><\/svg>\t\t\t<\/div>\n\t\t<\/div>\n\t\t\t\t\t\t<\/div>\n\t\t\t\t<div class=\"elementor-element elementor-element-3d35315 elementor-widget elementor-widget-text-editor\" data-id=\"3d35315\" data-element_type=\"widget\" data-widget_type=\"text-editor.default\">\n\t\t\t\t\t\t\t\t\t<p>Ich stimme der Verarbeitung meiner personenbezogenen Daten f\u00fcr die f\u00fcr das Einstellungsverfahren erforderlichen Zwecke zu (gem\u00e4\u00df dem Gesetz zum Schutz personenbezogener Daten vom 10. Mai 2018 (GBl. 2018, Nr. 1000) und gem\u00e4\u00df der Verordnung (EU) 2016\/679 des Europ\u00e4ischen Parlaments und des Rates vom 27. April 2016 zum Schutz nat\u00fcrlicher Personen bei der Verarbeitung personenbezogener Daten, zum freien Datenverkehr und zur Aufhebung der Richtlinie 95\/46\/EG (RODO)).<\/p>\t\t\t\t\t\t\t\t<\/div>\n\t\t\t\t<\/div>\n\t\t<div class=\"elementor-element elementor-element-767fe60 e-con-full e-flex e-con e-child\" data-id=\"767fe60\" data-element_type=\"container\">\n\t\t\t\t<div class=\"elementor-element elementor-element-e2787d8 elementor-widget elementor-widget-text-editor\" data-id=\"e2787d8\" data-element_type=\"widget\" data-widget_type=\"text-editor.default\">\n\t\t\t\t\t\t\t\t\t<p>SIE HABEN KEIN PASSENDES ANGEBOT GEFUNDEN? SENDEN SIE IHREN LEBENSLAUF MIT EINER KLAUSEL AN <a href=\"mailto:office@animille.com\">OFFICE@ANIMILLE.COM<\/a><\/p>\t\t\t\t\t\t\t\t<\/div>\n\t\t\t\t<\/div>\n\t\t\t\t<\/div>\n\t\t\t\t<\/div>\n\t\t\t\t\t<\/div>\n\t\t\t\t<\/div>\n\t\t\t\t<\/div>","protected":false},"excerpt":{"rendered":"<p>Do\u0142\u0105cz do zespo\u0142u Animille Szukamy pasjonat\u00f3w zwierz\u0105t i os\u00f3b, kt\u00f3re chc\u0105 tworzy\u0107 naturalne przysmaki dla pupili. Sprawd\u017a aktualne oferty pracy i rozwijaj si\u0119 razem z nami. Dlaczego warto do nas do\u0142\u0105czy\u0107? Jeste\u015bmy producentem naturalnych gryzak\u00f3w oraz przysmak\u00f3w dla ps\u00f3w i kot\u00f3w. Wraz z wprowadzeniem nowych produkt\u00f3w do naszej oferty, poszerzamy rynki zbytu na kraje europejskie [&hellip;]<\/p>","protected":false},"author":1,"featured_media":0,"parent":0,"menu_order":0,"comment_status":"closed","ping_status":"closed","template":"","meta":{"_acf_changed":false,"footnotes":""},"class_list":["post-48483","page","type-page","status-publish","hentry"],"acf":[],"_links":{"self":[{"href":"https:\/\/www.animille.com\/de\/wp-json\/wp\/v2\/pages\/48483","targetHints":{"allow":["GET"]}}],"collection":[{"href":"https:\/\/www.animille.com\/de\/wp-json\/wp\/v2\/pages"}],"about":[{"href":"https:\/\/www.animille.com\/de\/wp-json\/wp\/v2\/types\/page"}],"author":[{"embeddable":true,"href":"https:\/\/www.animille.com\/de\/wp-json\/wp\/v2\/users\/1"}],"replies":[{"embeddable":true,"href":"https:\/\/www.animille.com\/de\/wp-json\/wp\/v2\/comments?post=48483"}],"version-history":[{"count":0,"href":"https:\/\/www.animille.com\/de\/wp-json\/wp\/v2\/pages\/48483\/revisions"}],"wp:attachment":[{"href":"https:\/\/www.animille.com\/de\/wp-json\/wp\/v2\/media?parent=48483"}],"curies":[{"name":"wp","href":"https:\/\/api.w.org\/{rel}","templated":true}]}}